{"id":7829,"date":"2024-06-26T12:29:59","date_gmt":"2024-06-26T10:29:59","guid":{"rendered":"https:\/\/cabex.insign-africa.com\/?page_id=7829"},"modified":"2024-10-10T13:48:28","modified_gmt":"2024-10-10T11:48:28","slug":"actualites","status":"publish","type":"page","link":"https:\/\/cabex.sn\/en\/actualites\/","title":{"rendered":"News"},"content":{"rendered":"<div data-elementor-type=\"wp-page\" data-elementor-id=\"7829\" class=\"elementor elementor-7829\" data-elementor-post-type=\"page\">\n\t\t\t\t<div class=\"elementor-element elementor-element-6739fe3 e-flex e-con-boxed e-con e-parent\" data-id=\"6739fe3\" data-element_type=\"container\">\n\t\t\t\t\t<div class=\"e-con-inner\">\n\t\t\t\t<div class=\"elementor-element elementor-element-8617339 elementor-posts--align-left elementor-grid-3 elementor-grid-tablet-2 elementor-grid-mobile-1 elementor-posts--thumbnail-top elementor-widget elementor-widget-posts\" data-id=\"8617339\" data-element_type=\"widget\" data-settings=\"{&quot;classic_row_gap&quot;:{&quot;unit&quot;:&quot;px&quot;,&quot;size&quot;:70,&quot;sizes&quot;:[]},&quot;classic_columns&quot;:&quot;3&quot;,&quot;classic_columns_tablet&quot;:&quot;2&quot;,&quot;classic_columns_mobile&quot;:&quot;1&quot;,&quot;classic_row_gap_widescreen&quot;:{&quot;unit&quot;:&quot;px&quot;,&quot;size&quot;:&quot;&quot;,&quot;sizes&quot;:[]},&quot;classic_row_gap_laptop&quot;:{&quot;unit&quot;:&quot;px&quot;,&quot;size&quot;:&quot;&quot;,&quot;sizes&quot;:[]},&quot;classic_row_gap_tablet_extra&quot;:{&quot;unit&quot;:&quot;px&quot;,&quot;size&quot;:&quot;&quot;,&quot;sizes&quot;:[]},&quot;classic_row_gap_tablet&quot;:{&quot;unit&quot;:&quot;px&quot;,&quot;size&quot;:&quot;&quot;,&quot;sizes&quot;:[]},&quot;classic_row_gap_mobile_extra&quot;:{&quot;unit&quot;:&quot;px&quot;,&quot;size&quot;:&quot;&quot;,&quot;sizes&quot;:[]},&quot;classic_row_gap_mobile&quot;:{&quot;unit&quot;:&quot;px&quot;,&quot;size&quot;:&quot;&quot;,&quot;sizes&quot;:[]}}\" data-widget_type=\"posts.classic\">\n\t\t\t\t<div class=\"elementor-widget-container\">\n\t\t\t<link rel=\"stylesheet\" href=\"https:\/\/cabex.sn\/wp-content\/plugins\/elementor-pro\/assets\/css\/widget-posts.min.css\">\t\t<div class=\"elementor-posts-container elementor-posts elementor-posts--skin-classic elementor-grid\">\n\t\t\t\t<article class=\"elementor-post elementor-grid-item post-8999 post type-post status-publish format-standard has-post-thumbnail hentry category-actualites kng-has-post-thumbnail\">\n\t\t\t\t<a class=\"elementor-post__thumbnail__link\" href=\"https:\/\/cabex.sn\/en\/fiscalite-des-certificats-de-depots-titres-de-creances-negociables\/\" tabindex=\"-1\" >\n\t\t\t<div class=\"elementor-post__thumbnail\"><img decoding=\"async\" width=\"225\" height=\"210\" src=\"https:\/\/cabex.sn\/wp-content\/uploads\/2025\/12\/CABEX-Image-Titre-de-creances-2.png\" class=\"attachment-medium size-medium wp-image-9038\" alt=\"\" srcset=\"https:\/\/cabex.sn\/wp-content\/uploads\/2025\/12\/CABEX-Image-Titre-de-creances-2.png 225w, https:\/\/cabex.sn\/wp-content\/uploads\/2025\/12\/CABEX-Image-Titre-de-creances-2-13x12.png 13w\" sizes=\"(max-width: 225px) 100vw, 225px\" \/><\/div>\n\t\t<\/a>\n\t\t\t\t<div class=\"elementor-post__text\">\n\t\t\t\t<div class=\"elementor-post__title\">\n\t\t\t<a href=\"https:\/\/cabex.sn\/en\/fiscalite-des-certificats-de-depots-titres-de-creances-negociables\/\" >\n\t\t\t\tFiscalit\u00e9 des certificats de d\u00e9p\u00f4ts (Titres de cr\u00e9ances n\u00e9gociables)\t\t\t<\/a>\n\t\t<\/div>\n\t\t\t\t<div class=\"elementor-post__meta-data\">\n\t\t\t\t\t<span class=\"elementor-post-date\">\n\t\t\t9 December 2025\t\t<\/span>\n\t\t\t\t<\/div>\n\t\t\t\t<div class=\"elementor-post__excerpt\">\n\t\t\t<p>L\u2019article 30 du r\u00e8glement n\u00b0 96-03 relatif \u00e0 l\u2019\u00e9mission de billets de tr\u00e9sorerie, certificats de d\u00e9p\u00f4ts, bons des \u00e9tablissements financiers et bons des institutions financi\u00e8res<\/p>\n\t\t<\/div>\n\t\t\t\t<\/div>\n\t\t\t\t<\/article>\n\t\t\t\t<article class=\"elementor-post elementor-grid-item post-9013 post type-post status-publish format-standard has-post-thumbnail hentry category-actualites kng-has-post-thumbnail\">\n\t\t\t\t<a class=\"elementor-post__thumbnail__link\" href=\"https:\/\/cabex.sn\/en\/la-loi-n2025-17-du-27-septembre-2025-un-defi-dequilibre-entre-objectif-budgetaire-justice-fiscale-et-transformation-digitale\/\" tabindex=\"-1\" >\n\t\t\t<div class=\"elementor-post__thumbnail\"><img decoding=\"async\" width=\"225\" height=\"210\" src=\"https:\/\/cabex.sn\/wp-content\/uploads\/2025\/12\/CABEX-Image-Fiscalite-1.png\" class=\"attachment-medium size-medium wp-image-9036\" alt=\"\" srcset=\"https:\/\/cabex.sn\/wp-content\/uploads\/2025\/12\/CABEX-Image-Fiscalite-1.png 225w, https:\/\/cabex.sn\/wp-content\/uploads\/2025\/12\/CABEX-Image-Fiscalite-1-13x12.png 13w\" sizes=\"(max-width: 225px) 100vw, 225px\" \/><\/div>\n\t\t<\/a>\n\t\t\t\t<div class=\"elementor-post__text\">\n\t\t\t\t<div class=\"elementor-post__title\">\n\t\t\t<a href=\"https:\/\/cabex.sn\/en\/la-loi-n2025-17-du-27-septembre-2025-un-defi-dequilibre-entre-objectif-budgetaire-justice-fiscale-et-transformation-digitale\/\" >\n\t\t\t\tLa Loi n\u00b02025-17 du 27 septembre 2025 : Un d\u00e9fi d\u2019\u00e9quilibre entre objectif budg\u00e9taire, justice fiscale et transformation digitale\t\t\t<\/a>\n\t\t<\/div>\n\t\t\t\t<div class=\"elementor-post__meta-data\">\n\t\t\t\t\t<span class=\"elementor-post-date\">\n\t\t\t9 December 2025\t\t<\/span>\n\t\t\t\t<\/div>\n\t\t\t\t<div class=\"elementor-post__excerpt\">\n\t\t\t<p>Parue au Journal Officiel du jeudi 2 octobre 2025 (JO n\u00b07853), la loi n\u00b02025-17 modifiant certaines dispositions de la loi n\u00b02012-31 du 31 d\u00e9cembre 2012\t\t<\/div>\n\t\t\t\t<\/div>\n\t\t\t\t<\/article>\n\t\t\t\t<article class=\"elementor-post elementor-grid-item post-8434 post type-post status-publish format-standard has-post-thumbnail hentry category-actualites kng-has-post-thumbnail\">\n\t\t\t\t<a class=\"elementor-post__thumbnail__link\" href=\"https:\/\/cabex.sn\/en\/lorem-ipsum-2\/\" tabindex=\"-1\" >\n\t\t\t<div class=\"elementor-post__thumbnail\"><img fetchpriority=\"high\" decoding=\"async\" width=\"740\" height=\"540\" src=\"https:\/\/cabex.sn\/wp-content\/uploads\/2024\/07\/IMAGE10.png\" class=\"attachment-medium size-medium wp-image-8524\" alt=\"\" srcset=\"https:\/\/cabex.sn\/wp-content\/uploads\/2024\/07\/IMAGE10.png 740w, https:\/\/cabex.sn\/wp-content\/uploads\/2024\/07\/IMAGE10-16x12.png 16w\" sizes=\"(max-width: 740px) 100vw, 740px\" \/><\/div>\n\t\t<\/a>\n\t\t\t\t<div class=\"elementor-post__text\">\n\t\t\t\t<div class=\"elementor-post__title\">\n\t\t\t<a href=\"https:\/\/cabex.sn\/en\/lorem-ipsum-2\/\" >\n\t\t\t\tTaxation of private equity\t\t\t<\/a>\n\t\t<\/div>\n\t\t\t\t<div class=\"elementor-post__meta-data\">\n\t\t\t\t\t<span class=\"elementor-post-date\">\n\t\t\t18 July 2024\t\t<\/span>\n\t\t\t\t<\/div>\n\t\t\t\t<div class=\"elementor-post__excerpt\">\n\t\t\t<p>Senegal can do better ! Private equity can be defined as a set of financial transactions involving the acquisition of temporary, generally minority stakes, in the form of capital (ordinary or preference shares)<\/p>\n\t\t<\/div>\n\t\t\t\t<\/div>\n\t\t\t\t<\/article>\n\t\t\t\t<\/div>\n\t\t\n\t\t\t\t<\/div>\n\t\t\t\t<\/div>\n\t\t\t\t\t<\/div>\n\t\t\t\t<\/div>\n\t\t\t\t<\/div>","protected":false},"excerpt":{"rendered":"","protected":false},"author":1,"featured_media":0,"parent":0,"menu_order":0,"comment_status":"closed","ping_status":"closed","template":"","meta":{"inline_featured_image":false,"footnotes":""},"class_list":["post-7829","page","type-page","status-publish","hentry","kng-has-post-thumbnail"],"yoast_head":"<!-- This site is optimized with the Yoast SEO plugin v24.0 - https:\/\/yoast.com\/wordpress\/plugins\/seo\/ -->\n<title>Actualit\u00e9s - Cabex et Global Audit<\/title>\n<meta name=\"robots\" content=\"index, follow, max-snippet:-1, max-image-preview:large, max-video-preview:-1\" \/>\n<link rel=\"canonical\" href=\"https:\/\/cabex.sn\/en\/actualites\/\" \/>\n<meta property=\"og:locale\" content=\"en_GB\" \/>\n<meta property=\"og:type\" content=\"article\" \/>\n<meta property=\"og:title\" content=\"Actualit\u00e9s - Cabex et Global Audit\" \/>\n<meta property=\"og:url\" content=\"https:\/\/cabex.sn\/en\/actualites\/\" \/>\n<meta property=\"og:site_name\" content=\"Cabex et Global Audit\" \/>\n<meta property=\"article:publisher\" content=\"https:\/\/web.facebook.com\/profile.php?id=100063578712091\" \/>\n<meta property=\"article:modified_time\" content=\"2024-10-10T11:48:28+00:00\" \/>\n<meta name=\"twitter:card\" content=\"summary_large_image\" \/>\n<meta name=\"twitter:label1\" content=\"Estimated reading time\" \/>\n\t<meta name=\"twitter:data1\" content=\"3 minutes\" \/>\n<script type=\"application\/ld+json\" class=\"yoast-schema-graph\">{\"@context\":\"https:\/\/schema.org\",\"@graph\":[{\"@type\":\"WebPage\",\"@id\":\"https:\/\/cabex.sn\/actualites\/\",\"url\":\"https:\/\/cabex.sn\/actualites\/\",\"name\":\"Actualit\u00e9s - Cabex et Global Audit\",\"isPartOf\":{\"@id\":\"https:\/\/cabex.sn\/#website\"},\"datePublished\":\"2024-06-26T10:29:59+00:00\",\"dateModified\":\"2024-10-10T11:48:28+00:00\",\"breadcrumb\":{\"@id\":\"https:\/\/cabex.sn\/actualites\/#breadcrumb\"},\"inLanguage\":\"en-GB\",\"potentialAction\":[{\"@type\":\"ReadAction\",\"target\":[\"https:\/\/cabex.sn\/actualites\/\"]}]},{\"@type\":\"BreadcrumbList\",\"@id\":\"https:\/\/cabex.sn\/actualites\/#breadcrumb\",\"itemListElement\":[{\"@type\":\"ListItem\",\"position\":1,\"name\":\"Home\",\"item\":\"https:\/\/cabex.sn\/\"},{\"@type\":\"ListItem\",\"position\":2,\"name\":\"Actualit\u00e9s\"}]},{\"@type\":\"WebSite\",\"@id\":\"https:\/\/cabex.sn\/#website\",\"url\":\"https:\/\/cabex.sn\/\",\"name\":\"Cabex et Global Audit\",\"description\":\"\",\"publisher\":{\"@id\":\"https:\/\/cabex.sn\/#organization\"},\"potentialAction\":[{\"@type\":\"SearchAction\",\"target\":{\"@type\":\"EntryPoint\",\"urlTemplate\":\"https:\/\/cabex.sn\/?s={search_term_string}\"},\"query-input\":{\"@type\":\"PropertyValueSpecification\",\"valueRequired\":true,\"valueName\":\"search_term_string\"}}],\"inLanguage\":\"en-GB\"},{\"@type\":\"Organization\",\"@id\":\"https:\/\/cabex.sn\/#organization\",\"name\":\"Cabex et Global Audit\",\"url\":\"https:\/\/cabex.sn\/\",\"logo\":{\"@type\":\"ImageObject\",\"inLanguage\":\"en-GB\",\"@id\":\"https:\/\/cabex.sn\/#\/schema\/logo\/image\/\",\"url\":\"https:\/\/cabex.sn\/wp-content\/uploads\/2021\/11\/logo-2.png\",\"contentUrl\":\"https:\/\/cabex.sn\/wp-content\/uploads\/2021\/11\/logo-2.png\",\"width\":210,\"height\":69,\"caption\":\"Cabex et Global Audit\"},\"image\":{\"@id\":\"https:\/\/cabex.sn\/#\/schema\/logo\/image\/\"},\"sameAs\":[\"https:\/\/web.facebook.com\/profile.php?id=100063578712091\",\"https:\/\/www.linkedin.com\/company\/cabex-senegal\/\"]}]}<\/script>\n<!-- \/ Yoast SEO plugin. -->","yoast_head_json":{"title":"Actualit\u00e9s - Cabex et Global Audit","robots":{"index":"index","follow":"follow","max-snippet":"max-snippet:-1","max-image-preview":"max-image-preview:large","max-video-preview":"max-video-preview:-1"},"canonical":"https:\/\/cabex.sn\/en\/actualites\/","og_locale":"en_GB","og_type":"article","og_title":"Actualit\u00e9s - Cabex et Global Audit","og_url":"https:\/\/cabex.sn\/en\/actualites\/","og_site_name":"Cabex et Global Audit","article_publisher":"https:\/\/web.facebook.com\/profile.php?id=100063578712091","article_modified_time":"2024-10-10T11:48:28+00:00","twitter_card":"summary_large_image","twitter_misc":{"Estimated reading time":"3 minutes"},"schema":{"@context":"https:\/\/schema.org","@graph":[{"@type":"WebPage","@id":"https:\/\/cabex.sn\/actualites\/","url":"https:\/\/cabex.sn\/actualites\/","name":"Actualit\u00e9s - Cabex et Global Audit","isPartOf":{"@id":"https:\/\/cabex.sn\/#website"},"datePublished":"2024-06-26T10:29:59+00:00","dateModified":"2024-10-10T11:48:28+00:00","breadcrumb":{"@id":"https:\/\/cabex.sn\/actualites\/#breadcrumb"},"inLanguage":"en-GB","potentialAction":[{"@type":"ReadAction","target":["https:\/\/cabex.sn\/actualites\/"]}]},{"@type":"BreadcrumbList","@id":"https:\/\/cabex.sn\/actualites\/#breadcrumb","itemListElement":[{"@type":"ListItem","position":1,"name":"Home","item":"https:\/\/cabex.sn\/"},{"@type":"ListItem","position":2,"name":"Actualit\u00e9s"}]},{"@type":"WebSite","@id":"https:\/\/cabex.sn\/#website","url":"https:\/\/cabex.sn\/","name":"Cabex et Global Audit","description":"","publisher":{"@id":"https:\/\/cabex.sn\/#organization"},"potentialAction":[{"@type":"SearchAction","target":{"@type":"EntryPoint","urlTemplate":"https:\/\/cabex.sn\/?s={search_term_string}"},"query-input":{"@type":"PropertyValueSpecification","valueRequired":true,"valueName":"search_term_string"}}],"inLanguage":"en-GB"},{"@type":"Organization","@id":"https:\/\/cabex.sn\/#organization","name":"Cabex et Global Audit","url":"https:\/\/cabex.sn\/","logo":{"@type":"ImageObject","inLanguage":"en-GB","@id":"https:\/\/cabex.sn\/#\/schema\/logo\/image\/","url":"https:\/\/cabex.sn\/wp-content\/uploads\/2021\/11\/logo-2.png","contentUrl":"https:\/\/cabex.sn\/wp-content\/uploads\/2021\/11\/logo-2.png","width":210,"height":69,"caption":"Cabex et Global Audit"},"image":{"@id":"https:\/\/cabex.sn\/#\/schema\/logo\/image\/"},"sameAs":["https:\/\/web.facebook.com\/profile.php?id=100063578712091","https:\/\/www.linkedin.com\/company\/cabex-senegal\/"]}]}},"_links":{"self":[{"href":"https:\/\/cabex.sn\/en\/wp-json\/wp\/v2\/pages\/7829","targetHints":{"allow":["GET"]}}],"collection":[{"href":"https:\/\/cabex.sn\/en\/wp-json\/wp\/v2\/pages"}],"about":[{"href":"https:\/\/cabex.sn\/en\/wp-json\/wp\/v2\/types\/page"}],"author":[{"embeddable":true,"href":"https:\/\/cabex.sn\/en\/wp-json\/wp\/v2\/users\/1"}],"replies":[{"embeddable":true,"href":"https:\/\/cabex.sn\/en\/wp-json\/wp\/v2\/comments?post=7829"}],"version-history":[{"count":7,"href":"https:\/\/cabex.sn\/en\/wp-json\/wp\/v2\/pages\/7829\/revisions"}],"predecessor-version":[{"id":8899,"href":"https:\/\/cabex.sn\/en\/wp-json\/wp\/v2\/pages\/7829\/revisions\/8899"}],"wp:attachment":[{"href":"https:\/\/cabex.sn\/en\/wp-json\/wp\/v2\/media?parent=7829"}],"curies":[{"name":"wp","href":"https:\/\/api.w.org\/{rel}","templated":true}]}}