{"id":7821,"date":"2024-06-26T12:22:44","date_gmt":"2024-06-26T10:22:44","guid":{"rendered":"https:\/\/cabex.insign-africa.com\/?page_id=7821"},"modified":"2024-08-19T18:49:23","modified_gmt":"2024-08-19T16:49:23","slug":"secteurs-dactivite","status":"publish","type":"page","link":"https:\/\/cabex.sn\/en\/secteurs-dactivite\/","title":{"rendered":"Areas of activities"},"content":{"rendered":"<div data-elementor-type=\"wp-page\" data-elementor-id=\"7821\" class=\"elementor elementor-7821\" data-elementor-post-type=\"page\">\n\t\t\t\t<div class=\"elementor-element elementor-element-f7f818d e-flex e-con-boxed e-con e-parent\" data-id=\"f7f818d\" data-element_type=\"container\">\n\t\t\t\t\t<div class=\"e-con-inner\">\n\t\t\t\t<div class=\"elementor-element elementor-element-c2a1701 elementor-widget elementor-widget-text-editor\" data-id=\"c2a1701\" data-element_type=\"widget\" data-widget_type=\"text-editor.default\">\n\t\t\t\t<div class=\"elementor-widget-container\">\n\t\t\t<style>\/*! elementor - v3.22.0 - 26-06-2024 *\/\n.elementor-widget-text-editor.elementor-drop-cap-view-stacked .elementor-drop-cap{background-color:#69727d;color:#fff}.elementor-widget-text-editor.elementor-drop-cap-view-framed .elementor-drop-cap{color:#69727d;border:3px solid;background-color:transparent}.elementor-widget-text-editor:not(.elementor-drop-cap-view-default) .elementor-drop-cap{margin-top:8px}.elementor-widget-text-editor:not(.elementor-drop-cap-view-default) .elementor-drop-cap-letter{width:1em;height:1em}.elementor-widget-text-editor .elementor-drop-cap{float:left;text-align:center;line-height:1;font-size:50px}.elementor-widget-text-editor .elementor-drop-cap-letter{display:inline-block}<\/style>\t\t\t\t<p><span style=\"font-weight: 400;\">Our clients come from diverse sectors, including namely: <\/span><\/p>\t\t\t\t\t\t<\/div>\n\t\t\t\t<\/div>\n\t\t\t\t<div class=\"elementor-element elementor-element-e6d0283 elementor-posts--align-left elementor-grid-3 elementor-grid-tablet-2 elementor-grid-mobile-1 elementor-posts--thumbnail-top elementor-widget elementor-widget-posts\" data-id=\"e6d0283\" data-element_type=\"widget\" data-settings=\"{&quot;classic_row_gap&quot;:{&quot;unit&quot;:&quot;px&quot;,&quot;size&quot;:70,&quot;sizes&quot;:[]},&quot;classic_columns&quot;:&quot;3&quot;,&quot;classic_columns_tablet&quot;:&quot;2&quot;,&quot;classic_columns_mobile&quot;:&quot;1&quot;,&quot;classic_row_gap_widescreen&quot;:{&quot;unit&quot;:&quot;px&quot;,&quot;size&quot;:&quot;&quot;,&quot;sizes&quot;:[]},&quot;classic_row_gap_laptop&quot;:{&quot;unit&quot;:&quot;px&quot;,&quot;size&quot;:&quot;&quot;,&quot;sizes&quot;:[]},&quot;classic_row_gap_tablet_extra&quot;:{&quot;unit&quot;:&quot;px&quot;,&quot;size&quot;:&quot;&quot;,&quot;sizes&quot;:[]},&quot;classic_row_gap_tablet&quot;:{&quot;unit&quot;:&quot;px&quot;,&quot;size&quot;:&quot;&quot;,&quot;sizes&quot;:[]},&quot;classic_row_gap_mobile_extra&quot;:{&quot;unit&quot;:&quot;px&quot;,&quot;size&quot;:&quot;&quot;,&quot;sizes&quot;:[]},&quot;classic_row_gap_mobile&quot;:{&quot;unit&quot;:&quot;px&quot;,&quot;size&quot;:&quot;&quot;,&quot;sizes&quot;:[]}}\" data-widget_type=\"posts.classic\">\n\t\t\t\t<div class=\"elementor-widget-container\">\n\t\t\t<link rel=\"stylesheet\" href=\"https:\/\/cabex.sn\/wp-content\/plugins\/elementor-pro\/assets\/css\/widget-posts.min.css\">\t\t<div class=\"elementor-posts-container elementor-posts elementor-posts--skin-classic elementor-grid\">\n\t\t\t\t<article class=\"elementor-post elementor-grid-item post-8358 post type-post status-publish format-standard has-post-thumbnail hentry category-secteurs-dactivites kng-has-post-thumbnail\">\n\t\t\t\t<a class=\"elementor-post__thumbnail__link\" href=\"https:\/\/cabex.sn\/en\/finance\/\" tabindex=\"-1\" >\n\t\t\t<div class=\"elementor-post__thumbnail\"><img fetchpriority=\"high\" decoding=\"async\" width=\"740\" height=\"540\" src=\"https:\/\/cabex.sn\/wp-content\/uploads\/2024\/07\/Financier.png\" class=\"attachment-medium size-medium wp-image-8843\" alt=\"\" srcset=\"https:\/\/cabex.sn\/wp-content\/uploads\/2024\/07\/Financier.png 740w, https:\/\/cabex.sn\/wp-content\/uploads\/2024\/07\/Financier-16x12.png 16w\" sizes=\"(max-width: 740px) 100vw, 740px\" \/><\/div>\n\t\t<\/a>\n\t\t\t\t<div class=\"elementor-post__text\">\n\t\t\t\t<div class=\"elementor-post__title\">\n\t\t\t<a href=\"https:\/\/cabex.sn\/en\/finance\/\" >\n\t\t\t\tFinance sector\t\t\t<\/a>\n\t\t<\/div>\n\t\t\t\t<div class=\"elementor-post__excerpt\">\n\t\t\t<p>\u2013 Banks<br \/> \u2013 Insurance companies<br \/> \u2013 Intermediation companies<br \/> \u2013 Private equity<br \/> \u2013 UCITS<br \/> \u2013 Money transfer services<\/p>\t\t<\/div>\n\t\t\t\t<\/div>\n\t\t\t\t<\/article>\n\t\t\t\t<article class=\"elementor-post elementor-grid-item post-8363 post type-post status-publish format-standard has-post-thumbnail hentry category-secteurs-dactivites kng-has-post-thumbnail\">\n\t\t\t\t<a class=\"elementor-post__thumbnail__link\" href=\"https:\/\/cabex.sn\/en\/industrie\/\" tabindex=\"-1\" >\n\t\t\t<div class=\"elementor-post__thumbnail\"><img decoding=\"async\" width=\"740\" height=\"540\" src=\"https:\/\/cabex.sn\/wp-content\/uploads\/2024\/07\/industriel.png\" class=\"attachment-medium size-medium wp-image-8842\" alt=\"\" srcset=\"https:\/\/cabex.sn\/wp-content\/uploads\/2024\/07\/industriel.png 740w, https:\/\/cabex.sn\/wp-content\/uploads\/2024\/07\/industriel-16x12.png 16w\" sizes=\"(max-width: 740px) 100vw, 740px\" \/><\/div>\n\t\t<\/a>\n\t\t\t\t<div class=\"elementor-post__text\">\n\t\t\t\t<div class=\"elementor-post__title\">\n\t\t\t<a href=\"https:\/\/cabex.sn\/en\/industrie\/\" >\n\t\t\t\tIndustry sector\t\t\t<\/a>\n\t\t<\/div>\n\t\t\t\t<div class=\"elementor-post__excerpt\">\n\t\t\t\t\t<\/div>\n\t\t\t\t<\/div>\n\t\t\t\t<\/article>\n\t\t\t\t<article class=\"elementor-post elementor-grid-item post-8342 post type-post status-publish format-standard has-post-thumbnail hentry category-secteurs-dactivites kng-has-post-thumbnail\">\n\t\t\t\t<a class=\"elementor-post__thumbnail__link\" href=\"https:\/\/cabex.sn\/en\/oil-gas\/\" tabindex=\"-1\" >\n\t\t\t<div class=\"elementor-post__thumbnail\"><img decoding=\"async\" width=\"740\" height=\"540\" src=\"https:\/\/cabex.sn\/wp-content\/uploads\/2024\/07\/bandeau-740x540.jpg\" class=\"attachment-medium size-medium wp-image-8343\" alt=\"\" srcset=\"https:\/\/cabex.sn\/wp-content\/uploads\/2024\/07\/bandeau-740x540.jpg 740w, https:\/\/cabex.sn\/wp-content\/uploads\/2024\/07\/bandeau-18x12.jpg 18w\" sizes=\"(max-width: 740px) 100vw, 740px\" \/><\/div>\n\t\t<\/a>\n\t\t\t\t<div class=\"elementor-post__text\">\n\t\t\t\t<div class=\"elementor-post__title\">\n\t\t\t<a href=\"https:\/\/cabex.sn\/en\/oil-gas\/\" >\n\t\t\t\tOil &amp; Gas\t\t\t<\/a>\n\t\t<\/div>\n\t\t\t\t<div class=\"elementor-post__excerpt\">\n\t\t\t\t\t<\/div>\n\t\t\t\t<\/div>\n\t\t\t\t<\/article>\n\t\t\t\t<article class=\"elementor-post elementor-grid-item post-8370 post type-post status-publish format-standard has-post-thumbnail hentry category-secteurs-dactivites kng-has-post-thumbnail\">\n\t\t\t\t<a class=\"elementor-post__thumbnail__link\" href=\"https:\/\/cabex.sn\/en\/transport-logistique\/\" tabindex=\"-1\" >\n\t\t\t<div class=\"elementor-post__thumbnail\"><img loading=\"lazy\" decoding=\"async\" width=\"740\" height=\"540\" src=\"https:\/\/cabex.sn\/wp-content\/uploads\/2024\/07\/IMAGE5.png\" class=\"attachment-medium size-medium wp-image-8518\" alt=\"\" srcset=\"https:\/\/cabex.sn\/wp-content\/uploads\/2024\/07\/IMAGE5.png 740w, https:\/\/cabex.sn\/wp-content\/uploads\/2024\/07\/IMAGE5-16x12.png 16w\" sizes=\"(max-width: 740px) 100vw, 740px\" \/><\/div>\n\t\t<\/a>\n\t\t\t\t<div class=\"elementor-post__text\">\n\t\t\t\t<div class=\"elementor-post__title\">\n\t\t\t<a href=\"https:\/\/cabex.sn\/en\/transport-logistique\/\" >\n\t\t\t\tTransport\/Logistics\t\t\t<\/a>\n\t\t<\/div>\n\t\t\t\t<div class=\"elementor-post__excerpt\">\n\t\t\t\t\t<\/div>\n\t\t\t\t<\/div>\n\t\t\t\t<\/article>\n\t\t\t\t<article class=\"elementor-post elementor-grid-item post-8374 post type-post status-publish format-standard has-post-thumbnail hentry category-secteurs-dactivites kng-has-post-thumbnail\">\n\t\t\t\t<a class=\"elementor-post__thumbnail__link\" href=\"https:\/\/cabex.sn\/en\/immobilier\/\" tabindex=\"-1\" >\n\t\t\t<div class=\"elementor-post__thumbnail\"><img loading=\"lazy\" decoding=\"async\" width=\"740\" height=\"540\" src=\"https:\/\/cabex.sn\/wp-content\/uploads\/2024\/07\/IMAGE6.png\" class=\"attachment-medium size-medium wp-image-8520\" alt=\"\" srcset=\"https:\/\/cabex.sn\/wp-content\/uploads\/2024\/07\/IMAGE6.png 740w, https:\/\/cabex.sn\/wp-content\/uploads\/2024\/07\/IMAGE6-16x12.png 16w\" sizes=\"(max-width: 740px) 100vw, 740px\" \/><\/div>\n\t\t<\/a>\n\t\t\t\t<div class=\"elementor-post__text\">\n\t\t\t\t<div class=\"elementor-post__title\">\n\t\t\t<a href=\"https:\/\/cabex.sn\/en\/immobilier\/\" >\n\t\t\t\tReal estate\t\t\t<\/a>\n\t\t<\/div>\n\t\t\t\t<div class=\"elementor-post__excerpt\">\n\t\t\t\t\t<\/div>\n\t\t\t\t<\/div>\n\t\t\t\t<\/article>\n\t\t\t\t<article class=\"elementor-post elementor-grid-item post-8495 post type-post status-publish format-standard has-post-thumbnail hentry category-secteurs-dactivites kng-has-post-thumbnail\">\n\t\t\t\t<a class=\"elementor-post__thumbnail__link\" href=\"https:\/\/cabex.sn\/en\/batiment-et-travaux-publics\/\" tabindex=\"-1\" >\n\t\t\t<div class=\"elementor-post__thumbnail\"><img loading=\"lazy\" decoding=\"async\" width=\"740\" height=\"540\" src=\"https:\/\/cabex.sn\/wp-content\/uploads\/2024\/07\/IMAGE1.png\" class=\"attachment-medium size-medium wp-image-8517\" alt=\"\" srcset=\"https:\/\/cabex.sn\/wp-content\/uploads\/2024\/07\/IMAGE1.png 740w, https:\/\/cabex.sn\/wp-content\/uploads\/2024\/07\/IMAGE1-16x12.png 16w\" sizes=\"(max-width: 740px) 100vw, 740px\" \/><\/div>\n\t\t<\/a>\n\t\t\t\t<div class=\"elementor-post__text\">\n\t\t\t\t<div class=\"elementor-post__title\">\n\t\t\t<a href=\"https:\/\/cabex.sn\/en\/batiment-et-travaux-publics\/\" >\n\t\t\t\tBuilding\/Construction and Public works\t\t\t<\/a>\n\t\t<\/div>\n\t\t\t\t<div class=\"elementor-post__excerpt\">\n\t\t\t\t\t<\/div>\n\t\t\t\t<\/div>\n\t\t\t\t<\/article>\n\t\t\t\t<article class=\"elementor-post elementor-grid-item post-8497 post type-post status-publish format-standard has-post-thumbnail hentry category-secteurs-dactivites kng-has-post-thumbnail\">\n\t\t\t\t<a class=\"elementor-post__thumbnail__link\" href=\"https:\/\/cabex.sn\/en\/hotellerie-et-restauration\/\" tabindex=\"-1\" >\n\t\t\t<div class=\"elementor-post__thumbnail\"><img loading=\"lazy\" decoding=\"async\" width=\"740\" height=\"540\" src=\"https:\/\/cabex.sn\/wp-content\/uploads\/2024\/07\/Restauration.png\" class=\"attachment-medium size-medium wp-image-8841\" alt=\"\" srcset=\"https:\/\/cabex.sn\/wp-content\/uploads\/2024\/07\/Restauration.png 740w, https:\/\/cabex.sn\/wp-content\/uploads\/2024\/07\/Restauration-16x12.png 16w\" sizes=\"(max-width: 740px) 100vw, 740px\" \/><\/div>\n\t\t<\/a>\n\t\t\t\t<div class=\"elementor-post__text\">\n\t\t\t\t<div class=\"elementor-post__title\">\n\t\t\t<a href=\"https:\/\/cabex.sn\/en\/hotellerie-et-restauration\/\" >\n\t\t\t\tHotels and catering\t\t\t<\/a>\n\t\t<\/div>\n\t\t\t\t<div class=\"elementor-post__excerpt\">\n\t\t\t\t\t<\/div>\n\t\t\t\t<\/div>\n\t\t\t\t<\/article>\n\t\t\t\t<article class=\"elementor-post elementor-grid-item post-8499 post type-post status-publish format-standard has-post-thumbnail hentry category-secteurs-dactivites kng-has-post-thumbnail\">\n\t\t\t\t<a class=\"elementor-post__thumbnail__link\" href=\"https:\/\/cabex.sn\/en\/sante\/\" tabindex=\"-1\" >\n\t\t\t<div class=\"elementor-post__thumbnail\"><img loading=\"lazy\" decoding=\"async\" width=\"740\" height=\"540\" src=\"https:\/\/cabex.sn\/wp-content\/uploads\/2024\/07\/Sante.png\" class=\"attachment-medium size-medium wp-image-8840\" alt=\"\" srcset=\"https:\/\/cabex.sn\/wp-content\/uploads\/2024\/07\/Sante.png 740w, https:\/\/cabex.sn\/wp-content\/uploads\/2024\/07\/Sante-16x12.png 16w\" sizes=\"(max-width: 740px) 100vw, 740px\" \/><\/div>\n\t\t<\/a>\n\t\t\t\t<div class=\"elementor-post__text\">\n\t\t\t\t<div class=\"elementor-post__title\">\n\t\t\t<a href=\"https:\/\/cabex.sn\/en\/sante\/\" >\n\t\t\t\tHealth\t\t\t<\/a>\n\t\t<\/div>\n\t\t\t\t<div class=\"elementor-post__excerpt\">\n\t\t\t\t\t<\/div>\n\t\t\t\t<\/div>\n\t\t\t\t<\/article>\n\t\t\t\t<\/div>\n\t\t\n\t\t\t\t<\/div>\n\t\t\t\t<\/div>\n\t\t\t\t\t<\/div>\n\t\t\t\t<\/div>\n\t\t\t\t<\/div>","protected":false},"excerpt":{"rendered":"<p>Our clients come from diverse sectors, including namely:<\/p>","protected":false},"author":1,"featured_media":0,"parent":0,"menu_order":0,"comment_status":"closed","ping_status":"closed","template":"","meta":{"inline_featured_image":false,"footnotes":""},"class_list":["post-7821","page","type-page","status-publish","hentry","kng-has-post-thumbnail"],"yoast_head":"<!-- This site is optimized with the Yoast SEO plugin v24.0 - https:\/\/yoast.com\/wordpress\/plugins\/seo\/ -->\n<title>Secteurs d\u2019activit\u00e9s - Cabex et Global Audit<\/title>\n<meta name=\"robots\" content=\"index, follow, max-snippet:-1, max-image-preview:large, max-video-preview:-1\" \/>\n<link rel=\"canonical\" href=\"https:\/\/cabex.sn\/en\/secteurs-dactivite\/\" \/>\n<meta property=\"og:locale\" content=\"en_GB\" \/>\n<meta property=\"og:type\" content=\"article\" \/>\n<meta property=\"og:title\" content=\"Secteurs d\u2019activit\u00e9s - Cabex et Global Audit\" \/>\n<meta property=\"og:description\" content=\"Nos clients proviennent de secteurs d\u2019activit\u00e9s tr\u00e8s divers \u00e0 savoir, notamment\u00a0:\" \/>\n<meta property=\"og:url\" content=\"https:\/\/cabex.sn\/en\/secteurs-dactivite\/\" \/>\n<meta property=\"og:site_name\" content=\"Cabex et Global Audit\" \/>\n<meta property=\"article:publisher\" content=\"https:\/\/web.facebook.com\/profile.php?id=100063578712091\" \/>\n<meta property=\"article:modified_time\" content=\"2024-08-19T16:49:23+00:00\" \/>\n<meta name=\"twitter:card\" content=\"summary_large_image\" \/>\n<meta name=\"twitter:label1\" content=\"Estimated reading time\" \/>\n\t<meta name=\"twitter:data1\" content=\"2 minutes\" \/>\n<script type=\"application\/ld+json\" class=\"yoast-schema-graph\">{\"@context\":\"https:\/\/schema.org\",\"@graph\":[{\"@type\":\"WebPage\",\"@id\":\"https:\/\/cabex.sn\/secteurs-dactivite\/\",\"url\":\"https:\/\/cabex.sn\/secteurs-dactivite\/\",\"name\":\"Secteurs d\u2019activit\u00e9s - Cabex et Global Audit\",\"isPartOf\":{\"@id\":\"https:\/\/cabex.sn\/#website\"},\"datePublished\":\"2024-06-26T10:22:44+00:00\",\"dateModified\":\"2024-08-19T16:49:23+00:00\",\"breadcrumb\":{\"@id\":\"https:\/\/cabex.sn\/secteurs-dactivite\/#breadcrumb\"},\"inLanguage\":\"en-GB\",\"potentialAction\":[{\"@type\":\"ReadAction\",\"target\":[\"https:\/\/cabex.sn\/secteurs-dactivite\/\"]}]},{\"@type\":\"BreadcrumbList\",\"@id\":\"https:\/\/cabex.sn\/secteurs-dactivite\/#breadcrumb\",\"itemListElement\":[{\"@type\":\"ListItem\",\"position\":1,\"name\":\"Home\",\"item\":\"https:\/\/cabex.sn\/\"},{\"@type\":\"ListItem\",\"position\":2,\"name\":\"Secteurs d\u2019activit\u00e9s\"}]},{\"@type\":\"WebSite\",\"@id\":\"https:\/\/cabex.sn\/#website\",\"url\":\"https:\/\/cabex.sn\/\",\"name\":\"Cabex et Global Audit\",\"description\":\"\",\"publisher\":{\"@id\":\"https:\/\/cabex.sn\/#organization\"},\"potentialAction\":[{\"@type\":\"SearchAction\",\"target\":{\"@type\":\"EntryPoint\",\"urlTemplate\":\"https:\/\/cabex.sn\/?s={search_term_string}\"},\"query-input\":{\"@type\":\"PropertyValueSpecification\",\"valueRequired\":true,\"valueName\":\"search_term_string\"}}],\"inLanguage\":\"en-GB\"},{\"@type\":\"Organization\",\"@id\":\"https:\/\/cabex.sn\/#organization\",\"name\":\"Cabex et Global Audit\",\"url\":\"https:\/\/cabex.sn\/\",\"logo\":{\"@type\":\"ImageObject\",\"inLanguage\":\"en-GB\",\"@id\":\"https:\/\/cabex.sn\/#\/schema\/logo\/image\/\",\"url\":\"https:\/\/cabex.sn\/wp-content\/uploads\/2021\/11\/logo-2.png\",\"contentUrl\":\"https:\/\/cabex.sn\/wp-content\/uploads\/2021\/11\/logo-2.png\",\"width\":210,\"height\":69,\"caption\":\"Cabex et Global Audit\"},\"image\":{\"@id\":\"https:\/\/cabex.sn\/#\/schema\/logo\/image\/\"},\"sameAs\":[\"https:\/\/web.facebook.com\/profile.php?id=100063578712091\",\"https:\/\/www.linkedin.com\/company\/cabex-senegal\/\"]}]}<\/script>\n<!-- \/ Yoast SEO plugin. -->","yoast_head_json":{"title":"Secteurs d\u2019activit\u00e9s - Cabex et Global Audit","robots":{"index":"index","follow":"follow","max-snippet":"max-snippet:-1","max-image-preview":"max-image-preview:large","max-video-preview":"max-video-preview:-1"},"canonical":"https:\/\/cabex.sn\/en\/secteurs-dactivite\/","og_locale":"en_GB","og_type":"article","og_title":"Secteurs d\u2019activit\u00e9s - Cabex et Global Audit","og_description":"Nos clients proviennent de secteurs d\u2019activit\u00e9s tr\u00e8s divers \u00e0 savoir, notamment\u00a0:","og_url":"https:\/\/cabex.sn\/en\/secteurs-dactivite\/","og_site_name":"Cabex et Global Audit","article_publisher":"https:\/\/web.facebook.com\/profile.php?id=100063578712091","article_modified_time":"2024-08-19T16:49:23+00:00","twitter_card":"summary_large_image","twitter_misc":{"Estimated reading time":"2 minutes"},"schema":{"@context":"https:\/\/schema.org","@graph":[{"@type":"WebPage","@id":"https:\/\/cabex.sn\/secteurs-dactivite\/","url":"https:\/\/cabex.sn\/secteurs-dactivite\/","name":"Secteurs d\u2019activit\u00e9s - Cabex et Global Audit","isPartOf":{"@id":"https:\/\/cabex.sn\/#website"},"datePublished":"2024-06-26T10:22:44+00:00","dateModified":"2024-08-19T16:49:23+00:00","breadcrumb":{"@id":"https:\/\/cabex.sn\/secteurs-dactivite\/#breadcrumb"},"inLanguage":"en-GB","potentialAction":[{"@type":"ReadAction","target":["https:\/\/cabex.sn\/secteurs-dactivite\/"]}]},{"@type":"BreadcrumbList","@id":"https:\/\/cabex.sn\/secteurs-dactivite\/#breadcrumb","itemListElement":[{"@type":"ListItem","position":1,"name":"Home","item":"https:\/\/cabex.sn\/"},{"@type":"ListItem","position":2,"name":"Secteurs d\u2019activit\u00e9s"}]},{"@type":"WebSite","@id":"https:\/\/cabex.sn\/#website","url":"https:\/\/cabex.sn\/","name":"Cabex et Global Audit","description":"","publisher":{"@id":"https:\/\/cabex.sn\/#organization"},"potentialAction":[{"@type":"SearchAction","target":{"@type":"EntryPoint","urlTemplate":"https:\/\/cabex.sn\/?s={search_term_string}"},"query-input":{"@type":"PropertyValueSpecification","valueRequired":true,"valueName":"search_term_string"}}],"inLanguage":"en-GB"},{"@type":"Organization","@id":"https:\/\/cabex.sn\/#organization","name":"Cabex et Global Audit","url":"https:\/\/cabex.sn\/","logo":{"@type":"ImageObject","inLanguage":"en-GB","@id":"https:\/\/cabex.sn\/#\/schema\/logo\/image\/","url":"https:\/\/cabex.sn\/wp-content\/uploads\/2021\/11\/logo-2.png","contentUrl":"https:\/\/cabex.sn\/wp-content\/uploads\/2021\/11\/logo-2.png","width":210,"height":69,"caption":"Cabex et Global Audit"},"image":{"@id":"https:\/\/cabex.sn\/#\/schema\/logo\/image\/"},"sameAs":["https:\/\/web.facebook.com\/profile.php?id=100063578712091","https:\/\/www.linkedin.com\/company\/cabex-senegal\/"]}]}},"_links":{"self":[{"href":"https:\/\/cabex.sn\/en\/wp-json\/wp\/v2\/pages\/7821","targetHints":{"allow":["GET"]}}],"collection":[{"href":"https:\/\/cabex.sn\/en\/wp-json\/wp\/v2\/pages"}],"about":[{"href":"https:\/\/cabex.sn\/en\/wp-json\/wp\/v2\/types\/page"}],"author":[{"embeddable":true,"href":"https:\/\/cabex.sn\/en\/wp-json\/wp\/v2\/users\/1"}],"replies":[{"embeddable":true,"href":"https:\/\/cabex.sn\/en\/wp-json\/wp\/v2\/comments?post=7821"}],"version-history":[{"count":23,"href":"https:\/\/cabex.sn\/en\/wp-json\/wp\/v2\/pages\/7821\/revisions"}],"predecessor-version":[{"id":8766,"href":"https:\/\/cabex.sn\/en\/wp-json\/wp\/v2\/pages\/7821\/revisions\/8766"}],"wp:attachment":[{"href":"https:\/\/cabex.sn\/en\/wp-json\/wp\/v2\/media?parent=7821"}],"curies":[{"name":"wp","href":"https:\/\/api.w.org\/{rel}","templated":true}]}}