{"id":7812,"date":"2024-06-26T12:16:11","date_gmt":"2024-06-26T10:16:11","guid":{"rendered":"https:\/\/cabex.insign-africa.com\/?page_id=7812"},"modified":"2024-12-11T18:39:58","modified_gmt":"2024-12-11T17:39:58","slug":"carrieres","status":"publish","type":"page","link":"https:\/\/cabex.sn\/en\/carrieres\/","title":{"rendered":"Careers"},"content":{"rendered":"<div data-elementor-type=\"wp-page\" data-elementor-id=\"7812\" class=\"elementor elementor-7812\" data-elementor-post-type=\"page\">\n\t\t\t\t<div class=\"elementor-element elementor-element-ed8ae14 e-flex e-con-boxed e-con e-parent\" data-id=\"ed8ae14\" data-element_type=\"container\">\n\t\t\t\t\t<div class=\"e-con-inner\">\n\t\t\t\t<div class=\"elementor-element elementor-element-3f15456 elementor-widget elementor-widget-text-editor\" data-id=\"3f15456\" data-element_type=\"widget\" data-widget_type=\"text-editor.default\">\n\t\t\t\t<div class=\"elementor-widget-container\">\n\t\t\t<style>\/*! elementor - v3.22.0 - 26-06-2024 *\/\n.elementor-widget-text-editor.elementor-drop-cap-view-stacked .elementor-drop-cap{background-color:#69727d;color:#fff}.elementor-widget-text-editor.elementor-drop-cap-view-framed .elementor-drop-cap{color:#69727d;border:3px solid;background-color:transparent}.elementor-widget-text-editor:not(.elementor-drop-cap-view-default) .elementor-drop-cap{margin-top:8px}.elementor-widget-text-editor:not(.elementor-drop-cap-view-default) .elementor-drop-cap-letter{width:1em;height:1em}.elementor-widget-text-editor .elementor-drop-cap{float:left;text-align:center;line-height:1;font-size:50px}.elementor-widget-text-editor .elementor-drop-cap-letter{display:inline-block}<\/style>\t\t\t\t<p>Become Cabexien, an exciting professional and human adventure awaits you!<\/p>\t\t\t\t\t\t<\/div>\n\t\t\t\t<\/div>\n\t\t\t\t\t<\/div>\n\t\t\t\t<\/div>\n\t\t<div class=\"elementor-element elementor-element-1fa62f0 e-flex e-con-boxed e-con e-parent\" data-id=\"1fa62f0\" data-element_type=\"container\">\n\t\t\t\t\t<div class=\"e-con-inner\">\n\t\t<div class=\"elementor-element elementor-element-90f8a32 e-con-full e-flex e-con e-child\" data-id=\"90f8a32\" data-element_type=\"container\">\n\t\t\t\t<div class=\"elementor-element elementor-element-7f19eda elementor-widget elementor-widget-image\" data-id=\"7f19eda\" data-element_type=\"widget\" data-widget_type=\"image.default\">\n\t\t\t\t<div class=\"elementor-widget-container\">\n\t\t\t<style>\/*! elementor - v3.22.0 - 26-06-2024 *\/\n.elementor-widget-image{text-align:center}.elementor-widget-image a{display:inline-block}.elementor-widget-image a img[src$=\".svg\"]{width:48px}.elementor-widget-image img{vertical-align:middle;display:inline-block}<\/style>\t\t\t\t\t\t\t\t\t\t<img decoding=\"async\" src=\"https:\/\/cabex.sn\/wp-content\/uploads\/elementor\/thumbs\/Rejoindre-laventure-quxesmfzz5loz3qrh70rg7vqzv1ehbag6wqf8eqpmq.png\" title=\"Rejoindre l&rsquo;aventure\" alt=\"Rejoindre l&#039;aventure\" loading=\"lazy\" \/>\t\t\t\t\t\t\t\t\t\t\t\t\t<\/div>\n\t\t\t\t<\/div>\n\t\t\t\t<\/div>\n\t\t<div class=\"elementor-element elementor-element-8661518 e-con-full e-flex e-con e-child\" data-id=\"8661518\" data-element_type=\"container\">\n\t\t\t\t<div class=\"elementor-element elementor-element-6f3d8fd elementor-widget elementor-widget-text-editor\" data-id=\"6f3d8fd\" data-element_type=\"widget\" data-widget_type=\"text-editor.default\">\n\t\t\t\t<div class=\"elementor-widget-container\">\n\t\t\t\t\t\t\t<p>Join CABEX\/GLOBAL AUDIT adventure!\u00a0<\/p>\t\t\t\t\t\t<\/div>\n\t\t\t\t<\/div>\n\t\t\t\t<div class=\"elementor-element elementor-element-03bb03f elementor-widget elementor-widget-text-editor\" data-id=\"03bb03f\" data-element_type=\"widget\" data-widget_type=\"text-editor.default\">\n\t\t\t\t<div class=\"elementor-widget-container\">\n\t\t\t\t\t\t\t<p>Are you looking to join a firm with a diverse client base and multifaceted assignments? Look no further!<br \/>Our interdisciplinary approach offers our employees a wide variety of daily tasks and opportunities for skill development, allowing them to work across all the service and expertise areas of the Group.<br \/>Joining us also means receiving a training course adapted to your professional adventure and aimed to reinforce your technical, managerial and linguistic capabilities.<br \/>Indeed, you will be able to attend English courses but also to receive international training offered by Andersen Global network.<\/p>\t\t\t\t\t\t<\/div>\n\t\t\t\t<\/div>\n\t\t\t\t<\/div>\n\t\t\t\t\t<\/div>\n\t\t\t\t<\/div>\n\t\t<div class=\"elementor-element elementor-element-3292c08 e-flex e-con-boxed e-con e-child\" data-id=\"3292c08\" data-element_type=\"container\">\n\t\t\t\t\t<div class=\"e-con-inner\">\n\t\t\t\t<div class=\"elementor-element elementor-element-d7e4091 secteur-actvite elementor-position-top elementor-widget elementor-widget-image-box\" data-id=\"d7e4091\" data-element_type=\"widget\" data-widget_type=\"image-box.default\">\n\t\t\t\t<div class=\"elementor-widget-container\">\n\t\t\t<style>.elementor-widget-image-box .elementor-image-box-content{width:100%}@media (min-width:576px){.elementor-widget-image-box.elementor-position-left .elementor-image-box-wrapper,.elementor-widget-image-box.elementor-position-right .elementor-image-box-wrapper{display:flex}.elementor-widget-image-box.elementor-position-right .elementor-image-box-wrapper{text-align:end;flex-direction:row-reverse}.elementor-widget-image-box.elementor-position-left .elementor-image-box-wrapper{text-align:start;flex-direction:row}.elementor-widget-image-box.elementor-position-top .elementor-image-box-img{margin:auto}.elementor-widget-image-box.elementor-vertical-align-top .elementor-image-box-wrapper{align-items:flex-start}.elementor-widget-image-box.elementor-vertical-align-middle .elementor-image-box-wrapper{align-items:center}.elementor-widget-image-box.elementor-vertical-align-bottom .elementor-image-box-wrapper{align-items:flex-end}}@media (max-width:575px){.elementor-widget-image-box .elementor-image-box-img{margin-left:auto!important;margin-right:auto!important;margin-bottom:15px}}.elementor-widget-image-box .elementor-image-box-img{display:inline-block}.elementor-widget-image-box .elementor-image-box-title a{color:inherit}.elementor-widget-image-box .elementor-image-box-wrapper{text-align:center}.elementor-widget-image-box .elementor-image-box-description{margin:0}<\/style><div class=\"elementor-image-box-wrapper\"><figure class=\"elementor-image-box-img\"><img fetchpriority=\"high\" decoding=\"async\" width=\"688\" height=\"514\" src=\"https:\/\/cabex.sn\/wp-content\/uploads\/2024\/10\/Expert-fiscal.png\" class=\"attachment-full size-full wp-image-8861\" alt=\"\" srcset=\"https:\/\/cabex.sn\/wp-content\/uploads\/2024\/10\/Expert-fiscal.png 688w, https:\/\/cabex.sn\/wp-content\/uploads\/2024\/10\/Expert-fiscal-16x12.png 16w\" sizes=\"(max-width: 688px) 100vw, 688px\" \/><\/figure><div class=\"elementor-image-box-content\"><h3 class=\"elementor-image-box-title\">Become a Tax Expert<\/h3><p class=\"elementor-image-box-description\">As member of the National Order of Experts of Senegal (ONES), CABEX offers internship positions for tax experts throughout their career. We assist them from the start of their professional practice until their oath of office.<\/p><\/div><\/div>\t\t<\/div>\n\t\t\t\t<\/div>\n\t\t\t\t<div class=\"elementor-element elementor-element-03bb97f secteur-actvite elementor-position-top elementor-widget elementor-widget-image-box\" data-id=\"03bb97f\" data-element_type=\"widget\" data-widget_type=\"image-box.default\">\n\t\t\t\t<div class=\"elementor-widget-container\">\n\t\t\t<div class=\"elementor-image-box-wrapper\"><figure class=\"elementor-image-box-img\"><img decoding=\"async\" width=\"688\" height=\"514\" src=\"https:\/\/cabex.sn\/wp-content\/uploads\/2024\/10\/Expert-comptable.png\" class=\"attachment-full size-full wp-image-8862\" alt=\"\" srcset=\"https:\/\/cabex.sn\/wp-content\/uploads\/2024\/10\/Expert-comptable.png 688w, https:\/\/cabex.sn\/wp-content\/uploads\/2024\/10\/Expert-comptable-16x12.png 16w\" sizes=\"(max-width: 688px) 100vw, 688px\" \/><\/figure><div class=\"elementor-image-box-content\"><h3 class=\"elementor-image-box-title\">Become a Chartered Accountant<\/h3><p class=\"elementor-image-box-description\">In its capacity as member of the National Order of Chartered Accountants and Certified Accountants (ONECCA), GLOBAL AUDIT offers internship positions for junior chartered accountants throughout their career and assists them until their oath of office.<\/p><\/div><\/div>\t\t<\/div>\n\t\t\t\t<\/div>\n\t\t\t\t<div class=\"elementor-element elementor-element-02ac613 secteur-actvite elementor-position-top elementor-widget elementor-widget-image-box\" data-id=\"02ac613\" data-element_type=\"widget\" data-widget_type=\"image-box.default\">\n\t\t\t\t<div class=\"elementor-widget-container\">\n\t\t\t<div class=\"elementor-image-box-wrapper\"><figure class=\"elementor-image-box-img\"><img decoding=\"async\" width=\"688\" height=\"514\" src=\"https:\/\/cabex.sn\/wp-content\/uploads\/2024\/10\/Conseil-juridique.png\" class=\"attachment-full size-full wp-image-8863\" alt=\"\" srcset=\"https:\/\/cabex.sn\/wp-content\/uploads\/2024\/10\/Conseil-juridique.png 688w, https:\/\/cabex.sn\/wp-content\/uploads\/2024\/10\/Conseil-juridique-16x12.png 16w\" sizes=\"(max-width: 688px) 100vw, 688px\" \/><\/figure><div class=\"elementor-image-box-content\"><h3 class=\"elementor-image-box-title\">Become a Legal Counsel<\/h3><p class=\"elementor-image-box-description\">If your vocation is to become a Legal Counsel and to acquire the technical skills required, join our teams of employees who are well versed in Business law and Social law and who endeavour to ensure that our clients transactions are secure and their obligations are fulfilled.<\/p><\/div><\/div>\t\t<\/div>\n\t\t\t\t<\/div>\n\t\t\t\t\t<\/div>\n\t\t\t\t<\/div>\n\t\t<div class=\"elementor-element elementor-element-3ccd485 e-flex e-con-boxed e-con e-parent\" data-id=\"3ccd485\" data-element_type=\"container\">\n\t\t\t\t\t<div class=\"e-con-inner\">\n\t\t\t\t<div class=\"elementor-element elementor-element-dc5341d elementor-widget elementor-widget-heading\" data-id=\"dc5341d\" data-element_type=\"widget\" data-widget_type=\"heading.default\">\n\t\t\t\t<div class=\"elementor-widget-container\">\n\t\t\t<style>\/*! elementor - v3.22.0 - 26-06-2024 *\/\n.elementor-heading-title{padding:0;margin:0;line-height:1}.elementor-widget-heading .elementor-heading-title[class*=elementor-size-]>a{color:inherit;font-size:inherit;line-height:inherit}.elementor-widget-heading .elementor-heading-title.elementor-size-small{font-size:15px}.elementor-widget-heading .elementor-heading-title.elementor-size-medium{font-size:19px}.elementor-widget-heading .elementor-heading-title.elementor-size-large{font-size:29px}.elementor-widget-heading .elementor-heading-title.elementor-size-xl{font-size:39px}.elementor-widget-heading .elementor-heading-title.elementor-size-xxl{font-size:59px}<\/style><h2 class=\"elementor-heading-title elementor-size-default\">Join US now<\/h2>\t\t<\/div>\n\t\t\t\t<\/div>\n\t\t<div class=\"elementor-element elementor-element-9773e01 e-con-full e-flex e-con e-child\" data-id=\"9773e01\" data-element_type=\"container\">\n\t\t<div class=\"elementor-element elementor-element-a47d348 e-con-full e-flex e-con e-child\" data-id=\"a47d348\" data-element_type=\"container\">\n\t\t\t\t<div class=\"elementor-element elementor-element-1f9e095 elementor-widget elementor-widget-image\" data-id=\"1f9e095\" data-element_type=\"widget\" data-widget_type=\"image.default\">\n\t\t\t\t<div class=\"elementor-widget-container\">\n\t\t\t\t\t\t\t\t\t\t\t\t\t<img loading=\"lazy\" decoding=\"async\" width=\"649\" height=\"802\" src=\"https:\/\/cabex.sn\/wp-content\/uploads\/2024\/10\/Nous-rejoindre.png\" class=\"attachment-full size-full wp-image-8855\" alt=\"\" srcset=\"https:\/\/cabex.sn\/wp-content\/uploads\/2024\/10\/Nous-rejoindre.png 649w, https:\/\/cabex.sn\/wp-content\/uploads\/2024\/10\/Nous-rejoindre-10x12.png 10w, https:\/\/cabex.sn\/wp-content\/uploads\/2024\/10\/Nous-rejoindre-575x710.png 575w\" sizes=\"(max-width: 649px) 100vw, 649px\" \/>\t\t\t\t\t\t\t\t\t\t\t\t\t<\/div>\n\t\t\t\t<\/div>\n\t\t\t\t<\/div>\n\t\t<div class=\"elementor-element elementor-element-060d84b e-con-full e-flex e-con e-child\" data-id=\"060d84b\" data-element_type=\"container\" id=\"nous-rejoindre\" data-settings=\"{&quot;background_background&quot;:&quot;classic&quot;}\">\n\t\t\t\t<div class=\"elementor-element elementor-element-2302daa elementor-widget elementor-widget-shortcode\" data-id=\"2302daa\" data-element_type=\"widget\" data-widget_type=\"shortcode.default\">\n\t\t\t\t<div class=\"elementor-widget-container\">\n\t\t\t\t\t<div class=\"elementor-shortcode\">\n<div class=\"wpcf7 no-js\" id=\"wpcf7-f8198-o1\" lang=\"fr-FR\" dir=\"ltr\" data-wpcf7-id=\"8198\">\n<div class=\"screen-reader-response\"><p role=\"status\" aria-live=\"polite\" aria-atomic=\"true\"><\/p> <ul><\/ul><\/div>\n<form action=\"\/wp-json\/wp\/v2\/pages\/7812\" method=\"post\" class=\"wpcf7-form init\" aria-label=\"Formulaire de contact\" enctype=\"multipart\/form-data\" novalidate=\"novalidate\" data-status=\"init\" data-trp-original-action=\"\/en\/wp-json\/wp\/v2\/pages\/7812#wpcf7-f8198-o1\">\n<div style=\"display: none;\">\n<input type=\"hidden\" name=\"_wpcf7\" value=\"8198\" \/>\n<input type=\"hidden\" name=\"_wpcf7_version\" value=\"6.0.1\" \/>\n<input type=\"hidden\" name=\"_wpcf7_locale\" value=\"fr_FR\" \/>\n<input type=\"hidden\" name=\"_wpcf7_unit_tag\" value=\"wpcf7-f8198-o1\" \/>\n<input type=\"hidden\" name=\"_wpcf7_container_post\" value=\"0\" \/>\n<input type=\"hidden\" name=\"_wpcf7_posted_data_hash\" value=\"\" \/>\n<input type=\"hidden\" name=\"_wpcf7_recaptcha_response\" value=\"\" \/>\n<\/div>\n<div class=\"carriere-form\">\n\t<div class=\"les-infos\">\n\t\t<p><span class=\"wpcf7-form-control-wrap\" data-name=\"names\"><input size=\"40\" maxlength=\"400\" class=\"wpcf7-form-control wpcf7-text wpcf7-validates-as-required\" aria-required=\"true\" aria-invalid=\"false\" placeholder=\"First name and last name*\" value=\"\" type=\"text\" name=\"names\" \/><\/span><br \/>\n<span class=\"wpcf7-form-control-wrap\" data-name=\"mail\"><input size=\"40\" maxlength=\"400\" class=\"wpcf7-form-control wpcf7-email wpcf7-validates-as-required wpcf7-text wpcf7-validates-as-email\" aria-required=\"true\" aria-invalid=\"false\" placeholder=\"Email address*\" value=\"\" type=\"email\" name=\"mail\" \/><\/span>\n\t\t<\/p>\n\t<\/div>\n\t<div class=\"les-infos info-carriere\">\n\t\t<p><span class=\"wpcf7-form-control-wrap\" data-name=\"competence\"><select class=\"wpcf7-form-control wpcf7-select wpcf7-validates-as-required\" aria-required=\"true\" aria-invalid=\"false\" name=\"competence\"><option value=\"Domaine de comp\u00e9tences*\">Domaine de comp\u00e9tences*<\/option><option value=\"Juridique\">Juridique<\/option><option value=\"Fiscal\">Fiscal<\/option><option value=\"Ressources Humaines\">Ressources Humaines<\/option><option value=\"Comptable\">Comptable<\/option><option value=\"Audit\">Audit<\/option><option value=\"Finance\">Finance<\/option><\/select><\/span><br \/>\n<span class=\"wpcf7-form-control-wrap\" data-name=\"diplome\"><select class=\"wpcf7-form-control wpcf7-select wpcf7-validates-as-required\" aria-required=\"true\" aria-invalid=\"false\" name=\"diplome\"><option value=\"\">BAC*<\/option><option value=\"BTS\">BTS<\/option><option value=\"Licence\">Licence<\/option><option value=\"Master\">Master<\/option><option value=\"Doctorat\">Doctorat<\/option><option value=\"Autre\">Autre<\/option><\/select><\/span>\n\t\t<\/p>\n\t<\/div>\n\t<p><label for=\"cv\">Upload your CV*<\/label>\n\t<\/p>\n\t<div class=\"file-input\" style=\"display: none;\">\n\t\t<p><span class=\"wpcf7-form-control-wrap\" data-name=\"cv\"><input size=\"40\" class=\"wpcf7-form-control wpcf7-file wpcf7-validates-as-required\" id=\"cv\" accept=\".pdf,.docx\" aria-required=\"true\" aria-invalid=\"false\" type=\"file\" name=\"cv\" \/><\/span>\n\t\t<\/p>\n\t<\/div>\n\t<p><span class=\"wpcf7-form-control-wrap\" data-name=\"motivation\"><textarea cols=\"40\" rows=\"10\" maxlength=\"2000\" class=\"wpcf7-form-control wpcf7-textarea wpcf7-validates-as-required\" aria-required=\"true\" aria-invalid=\"false\" placeholder=\"Your motivation*\" name=\"motivation\"><\/textarea><\/span><br \/>\n<input class=\"wpcf7-form-control wpcf7-submit has-spinner\" type=\"submit\" value=\"Send message\" \/>\n\t<\/p>\n<\/div><div class=\"wpcf7-response-output\" aria-hidden=\"true\"><\/div>\n<input type=\"hidden\" name=\"trp-form-language\" value=\"en\"\/><\/form>\n<\/div>\n<\/div>\n\t\t\t\t<\/div>\n\t\t\t\t<\/div>\n\t\t\t\t<\/div>\n\t\t\t\t<\/div>\n\t\t\t\t\t<\/div>\n\t\t\t\t<\/div>\n\t\t\t\t<\/div>","protected":false},"excerpt":{"rendered":"<p>Devenez Cabexien, une belle aventure professionnelle et humaine\u00a0vous attend\u00a0! Rejoignez CABEX\/GLOBAL AUDIT !\u00a0 Vous cherchez \u00e0 int\u00e9grer un Cabinet disposant d\u2019une client\u00e8le diversifi\u00e9e et intervenant dans des missions polyvalentes, alors n\u2019attendez plus !Notre approche interdisciplinaire apporte \u00e0 nos collaborateurs de la diversit\u00e9 dans les missions au quotidien et une mont\u00e9e en comp\u00e9tences qui leur permettent [&hellip;]<\/p>","protected":false},"author":1,"featured_media":0,"parent":0,"menu_order":0,"comment_status":"closed","ping_status":"closed","template":"","meta":{"inline_featured_image":false,"footnotes":""},"class_list":["post-7812","page","type-page","status-publish","hentry","kng-no-post-thumbnail"],"yoast_head":"<!-- This site is optimized with the Yoast SEO plugin v24.0 - https:\/\/yoast.com\/wordpress\/plugins\/seo\/ -->\n<title>Carri\u00e8res - Cabex et Global Audit<\/title>\n<meta name=\"robots\" content=\"index, follow, max-snippet:-1, max-image-preview:large, max-video-preview:-1\" \/>\n<link rel=\"canonical\" href=\"https:\/\/cabex.sn\/en\/carrieres\/\" \/>\n<meta property=\"og:locale\" content=\"en_GB\" \/>\n<meta property=\"og:type\" content=\"article\" \/>\n<meta property=\"og:title\" content=\"Carri\u00e8res - Cabex et Global Audit\" \/>\n<meta property=\"og:description\" content=\"Devenez Cabexien, une belle aventure professionnelle et humaine\u00a0vous attend\u00a0! Rejoignez CABEX\/GLOBAL AUDIT !\u00a0 Vous cherchez \u00e0 int\u00e9grer un Cabinet disposant d\u2019une client\u00e8le diversifi\u00e9e et intervenant dans des missions polyvalentes, alors n\u2019attendez plus !Notre approche interdisciplinaire apporte \u00e0 nos collaborateurs de la diversit\u00e9 dans les missions au quotidien et une mont\u00e9e en comp\u00e9tences qui leur permettent [&hellip;]\" \/>\n<meta property=\"og:url\" content=\"https:\/\/cabex.sn\/en\/carrieres\/\" \/>\n<meta property=\"og:site_name\" content=\"Cabex et Global Audit\" \/>\n<meta property=\"article:publisher\" content=\"https:\/\/web.facebook.com\/profile.php?id=100063578712091\" \/>\n<meta property=\"article:modified_time\" content=\"2024-12-11T17:39:58+00:00\" \/>\n<meta property=\"og:image\" content=\"https:\/\/site.cabex-server.com\/wp-content\/uploads\/elementor\/thumbs\/Rejoindre-laventure-quxesmfzz5loz3qrh70rg7vqzv1ehbag6wqezdnx1c.png\" \/>\n<meta name=\"twitter:card\" content=\"summary_large_image\" \/>\n<meta name=\"twitter:label1\" content=\"Estimated reading time\" \/>\n\t<meta name=\"twitter:data1\" content=\"3 minutes\" \/>\n<script type=\"application\/ld+json\" class=\"yoast-schema-graph\">{\"@context\":\"https:\/\/schema.org\",\"@graph\":[{\"@type\":\"WebPage\",\"@id\":\"https:\/\/cabex.sn\/carrieres\/\",\"url\":\"https:\/\/cabex.sn\/carrieres\/\",\"name\":\"Carri\u00e8res - Cabex et Global Audit\",\"isPartOf\":{\"@id\":\"https:\/\/cabex.sn\/#website\"},\"primaryImageOfPage\":{\"@id\":\"https:\/\/cabex.sn\/carrieres\/#primaryimage\"},\"image\":{\"@id\":\"https:\/\/cabex.sn\/carrieres\/#primaryimage\"},\"thumbnailUrl\":\"https:\/\/site.cabex-server.com\/wp-content\/uploads\/elementor\/thumbs\/Rejoindre-laventure-quxesmfzz5loz3qrh70rg7vqzv1ehbag6wqezdnx1c.png\",\"datePublished\":\"2024-06-26T10:16:11+00:00\",\"dateModified\":\"2024-12-11T17:39:58+00:00\",\"breadcrumb\":{\"@id\":\"https:\/\/cabex.sn\/carrieres\/#breadcrumb\"},\"inLanguage\":\"en-GB\",\"potentialAction\":[{\"@type\":\"ReadAction\",\"target\":[\"https:\/\/cabex.sn\/carrieres\/\"]}]},{\"@type\":\"ImageObject\",\"inLanguage\":\"en-GB\",\"@id\":\"https:\/\/cabex.sn\/carrieres\/#primaryimage\",\"url\":\"https:\/\/site.cabex-server.com\/wp-content\/uploads\/elementor\/thumbs\/Rejoindre-laventure-quxesmfzz5loz3qrh70rg7vqzv1ehbag6wqezdnx1c.png\",\"contentUrl\":\"https:\/\/site.cabex-server.com\/wp-content\/uploads\/elementor\/thumbs\/Rejoindre-laventure-quxesmfzz5loz3qrh70rg7vqzv1ehbag6wqezdnx1c.png\"},{\"@type\":\"BreadcrumbList\",\"@id\":\"https:\/\/cabex.sn\/carrieres\/#breadcrumb\",\"itemListElement\":[{\"@type\":\"ListItem\",\"position\":1,\"name\":\"Home\",\"item\":\"https:\/\/cabex.sn\/\"},{\"@type\":\"ListItem\",\"position\":2,\"name\":\"Carri\u00e8res\"}]},{\"@type\":\"WebSite\",\"@id\":\"https:\/\/cabex.sn\/#website\",\"url\":\"https:\/\/cabex.sn\/\",\"name\":\"Cabex et Global Audit\",\"description\":\"\",\"publisher\":{\"@id\":\"https:\/\/cabex.sn\/#organization\"},\"potentialAction\":[{\"@type\":\"SearchAction\",\"target\":{\"@type\":\"EntryPoint\",\"urlTemplate\":\"https:\/\/cabex.sn\/?s={search_term_string}\"},\"query-input\":{\"@type\":\"PropertyValueSpecification\",\"valueRequired\":true,\"valueName\":\"search_term_string\"}}],\"inLanguage\":\"en-GB\"},{\"@type\":\"Organization\",\"@id\":\"https:\/\/cabex.sn\/#organization\",\"name\":\"Cabex et Global Audit\",\"url\":\"https:\/\/cabex.sn\/\",\"logo\":{\"@type\":\"ImageObject\",\"inLanguage\":\"en-GB\",\"@id\":\"https:\/\/cabex.sn\/#\/schema\/logo\/image\/\",\"url\":\"https:\/\/cabex.sn\/wp-content\/uploads\/2021\/11\/logo-2.png\",\"contentUrl\":\"https:\/\/cabex.sn\/wp-content\/uploads\/2021\/11\/logo-2.png\",\"width\":210,\"height\":69,\"caption\":\"Cabex et Global Audit\"},\"image\":{\"@id\":\"https:\/\/cabex.sn\/#\/schema\/logo\/image\/\"},\"sameAs\":[\"https:\/\/web.facebook.com\/profile.php?id=100063578712091\",\"https:\/\/www.linkedin.com\/company\/cabex-senegal\/\"]}]}<\/script>\n<!-- \/ Yoast SEO plugin. -->","yoast_head_json":{"title":"Carri\u00e8res - Cabex et Global Audit","robots":{"index":"index","follow":"follow","max-snippet":"max-snippet:-1","max-image-preview":"max-image-preview:large","max-video-preview":"max-video-preview:-1"},"canonical":"https:\/\/cabex.sn\/en\/carrieres\/","og_locale":"en_GB","og_type":"article","og_title":"Carri\u00e8res - Cabex et Global Audit","og_description":"Devenez Cabexien, une belle aventure professionnelle et humaine\u00a0vous attend\u00a0! Rejoignez CABEX\/GLOBAL AUDIT !\u00a0 Vous cherchez \u00e0 int\u00e9grer un Cabinet disposant d\u2019une client\u00e8le diversifi\u00e9e et intervenant dans des missions polyvalentes, alors n\u2019attendez plus !Notre approche interdisciplinaire apporte \u00e0 nos collaborateurs de la diversit\u00e9 dans les missions au quotidien et une mont\u00e9e en comp\u00e9tences qui leur permettent [&hellip;]","og_url":"https:\/\/cabex.sn\/en\/carrieres\/","og_site_name":"Cabex et Global Audit","article_publisher":"https:\/\/web.facebook.com\/profile.php?id=100063578712091","article_modified_time":"2024-12-11T17:39:58+00:00","og_image":[{"url":"https:\/\/site.cabex-server.com\/wp-content\/uploads\/elementor\/thumbs\/Rejoindre-laventure-quxesmfzz5loz3qrh70rg7vqzv1ehbag6wqezdnx1c.png","type":"","width":"","height":""}],"twitter_card":"summary_large_image","twitter_misc":{"Estimated reading time":"3 minutes"},"schema":{"@context":"https:\/\/schema.org","@graph":[{"@type":"WebPage","@id":"https:\/\/cabex.sn\/carrieres\/","url":"https:\/\/cabex.sn\/carrieres\/","name":"Carri\u00e8res - Cabex et Global Audit","isPartOf":{"@id":"https:\/\/cabex.sn\/#website"},"primaryImageOfPage":{"@id":"https:\/\/cabex.sn\/carrieres\/#primaryimage"},"image":{"@id":"https:\/\/cabex.sn\/carrieres\/#primaryimage"},"thumbnailUrl":"https:\/\/site.cabex-server.com\/wp-content\/uploads\/elementor\/thumbs\/Rejoindre-laventure-quxesmfzz5loz3qrh70rg7vqzv1ehbag6wqezdnx1c.png","datePublished":"2024-06-26T10:16:11+00:00","dateModified":"2024-12-11T17:39:58+00:00","breadcrumb":{"@id":"https:\/\/cabex.sn\/carrieres\/#breadcrumb"},"inLanguage":"en-GB","potentialAction":[{"@type":"ReadAction","target":["https:\/\/cabex.sn\/carrieres\/"]}]},{"@type":"ImageObject","inLanguage":"en-GB","@id":"https:\/\/cabex.sn\/carrieres\/#primaryimage","url":"https:\/\/site.cabex-server.com\/wp-content\/uploads\/elementor\/thumbs\/Rejoindre-laventure-quxesmfzz5loz3qrh70rg7vqzv1ehbag6wqezdnx1c.png","contentUrl":"https:\/\/site.cabex-server.com\/wp-content\/uploads\/elementor\/thumbs\/Rejoindre-laventure-quxesmfzz5loz3qrh70rg7vqzv1ehbag6wqezdnx1c.png"},{"@type":"BreadcrumbList","@id":"https:\/\/cabex.sn\/carrieres\/#breadcrumb","itemListElement":[{"@type":"ListItem","position":1,"name":"Home","item":"https:\/\/cabex.sn\/"},{"@type":"ListItem","position":2,"name":"Carri\u00e8res"}]},{"@type":"WebSite","@id":"https:\/\/cabex.sn\/#website","url":"https:\/\/cabex.sn\/","name":"Cabex et Global Audit","description":"","publisher":{"@id":"https:\/\/cabex.sn\/#organization"},"potentialAction":[{"@type":"SearchAction","target":{"@type":"EntryPoint","urlTemplate":"https:\/\/cabex.sn\/?s={search_term_string}"},"query-input":{"@type":"PropertyValueSpecification","valueRequired":true,"valueName":"search_term_string"}}],"inLanguage":"en-GB"},{"@type":"Organization","@id":"https:\/\/cabex.sn\/#organization","name":"Cabex et Global Audit","url":"https:\/\/cabex.sn\/","logo":{"@type":"ImageObject","inLanguage":"en-GB","@id":"https:\/\/cabex.sn\/#\/schema\/logo\/image\/","url":"https:\/\/cabex.sn\/wp-content\/uploads\/2021\/11\/logo-2.png","contentUrl":"https:\/\/cabex.sn\/wp-content\/uploads\/2021\/11\/logo-2.png","width":210,"height":69,"caption":"Cabex et Global Audit"},"image":{"@id":"https:\/\/cabex.sn\/#\/schema\/logo\/image\/"},"sameAs":["https:\/\/web.facebook.com\/profile.php?id=100063578712091","https:\/\/www.linkedin.com\/company\/cabex-senegal\/"]}]}},"_links":{"self":[{"href":"https:\/\/cabex.sn\/en\/wp-json\/wp\/v2\/pages\/7812","targetHints":{"allow":["GET"]}}],"collection":[{"href":"https:\/\/cabex.sn\/en\/wp-json\/wp\/v2\/pages"}],"about":[{"href":"https:\/\/cabex.sn\/en\/wp-json\/wp\/v2\/types\/page"}],"author":[{"embeddable":true,"href":"https:\/\/cabex.sn\/en\/wp-json\/wp\/v2\/users\/1"}],"replies":[{"embeddable":true,"href":"https:\/\/cabex.sn\/en\/wp-json\/wp\/v2\/comments?post=7812"}],"version-history":[{"count":37,"href":"https:\/\/cabex.sn\/en\/wp-json\/wp\/v2\/pages\/7812\/revisions"}],"predecessor-version":[{"id":8953,"href":"https:\/\/cabex.sn\/en\/wp-json\/wp\/v2\/pages\/7812\/revisions\/8953"}],"wp:attachment":[{"href":"https:\/\/cabex.sn\/en\/wp-json\/wp\/v2\/media?parent=7812"}],"curies":[{"name":"wp","href":"https:\/\/api.w.org\/{rel}","templated":true}]}}