{"id":186,"date":"2021-10-08T07:38:26","date_gmt":"2021-10-08T07:38:26","guid":{"rendered":"https:\/\/demo.bravisthemes.com\/lawgne\/?page_id=186"},"modified":"2024-10-10T21:28:49","modified_gmt":"2024-10-10T19:28:49","slug":"contact","status":"publish","type":"page","link":"https:\/\/cabex.sn\/en\/contact\/","title":{"rendered":"Contact us"},"content":{"rendered":"<div data-elementor-type=\"wp-page\" data-elementor-id=\"186\" class=\"elementor elementor-186\" data-elementor-post-type=\"page\">\n\t\t\t\t<div class=\"elementor-element elementor-element-d28e979 e-flex e-con-boxed e-con e-parent\" data-id=\"d28e979\" data-element_type=\"container\">\n\t\t\t\t\t<div class=\"e-con-inner\">\n\t\t<div class=\"elementor-element elementor-element-619c55a e-con-full e-flex e-con e-child\" data-id=\"619c55a\" data-element_type=\"container\">\n\t\t<div class=\"elementor-element elementor-element-611cc7a e-con-full bloc-img-contact e-flex e-con e-child\" data-id=\"611cc7a\" data-element_type=\"container\">\n\t\t\t\t<div class=\"elementor-element elementor-element-76a36f8 elementor-widget elementor-widget-image\" data-id=\"76a36f8\" data-element_type=\"widget\" data-widget_type=\"image.default\">\n\t\t\t\t<div class=\"elementor-widget-container\">\n\t\t\t<style>\/*! elementor - v3.22.0 - 26-06-2024 *\/\n.elementor-widget-image{text-align:center}.elementor-widget-image a{display:inline-block}.elementor-widget-image a img[src$=\".svg\"]{width:48px}.elementor-widget-image img{vertical-align:middle;display:inline-block}<\/style>\t\t\t\t\t\t\t\t\t\t<img decoding=\"async\" src=\"https:\/\/cabex.sn\/wp-content\/uploads\/elementor\/thumbs\/Contactez-nous-qvd8k0jf0zr21bg95yl4x59woddcnimrap0x1qucgo.png\" title=\"Contactez nous\" alt=\"Contactez nous\" loading=\"lazy\" \/>\t\t\t\t\t\t\t\t\t\t\t\t\t<\/div>\n\t\t\t\t<\/div>\n\t\t\t\t<div class=\"elementor-element elementor-element-f870b8e elementor-absolute elementor-widget elementor-widget-button\" data-id=\"f870b8e\" data-element_type=\"widget\" data-settings=\"{&quot;_position&quot;:&quot;absolute&quot;}\" data-widget_type=\"button.default\">\n\t\t\t\t<div class=\"elementor-widget-container\">\n\t\t\t\t\t<div class=\"elementor-button-wrapper\">\n\t\t\t<a class=\"elementor-button elementor-button-link elementor-size-sm\" href=\"tel: 221338893939\">\n\t\t\t\t\t\t<span class=\"elementor-button-content-wrapper\">\n\t\t\t\t\t\t\t\t\t<span class=\"elementor-button-text\">+221 33 889 39 39<\/span>\n\t\t\t\t\t<\/span>\n\t\t\t\t\t<\/a>\n\t\t<\/div>\n\t\t\t\t<\/div>\n\t\t\t\t<\/div>\n\t\t\t\t<\/div>\n\t\t<div class=\"elementor-element elementor-element-7d8b67a e-con-full e-flex e-con e-child\" data-id=\"7d8b67a\" data-element_type=\"container\">\n\t\t\t\t<div class=\"elementor-element elementor-element-6390f03 elementor-widget elementor-widget-heading\" data-id=\"6390f03\" data-element_type=\"widget\" data-widget_type=\"heading.default\">\n\t\t\t\t<div class=\"elementor-widget-container\">\n\t\t\t<style>\/*! elementor - v3.22.0 - 26-06-2024 *\/\n.elementor-heading-title{padding:0;margin:0;line-height:1}.elementor-widget-heading .elementor-heading-title[class*=elementor-size-]>a{color:inherit;font-size:inherit;line-height:inherit}.elementor-widget-heading .elementor-heading-title.elementor-size-small{font-size:15px}.elementor-widget-heading .elementor-heading-title.elementor-size-medium{font-size:19px}.elementor-widget-heading .elementor-heading-title.elementor-size-large{font-size:29px}.elementor-widget-heading .elementor-heading-title.elementor-size-xl{font-size:39px}.elementor-widget-heading .elementor-heading-title.elementor-size-xxl{font-size:59px}<\/style><h2 class=\"elementor-heading-title elementor-size-default\">A cross-cutting expertise, the key to your satisfaction.<\/h2>\t\t<\/div>\n\t\t\t\t<\/div>\n\t\t\t\t<div class=\"elementor-element elementor-element-34b6d99 elementor-widget elementor-widget-shortcode\" data-id=\"34b6d99\" data-element_type=\"widget\" data-widget_type=\"shortcode.default\">\n\t\t\t\t<div class=\"elementor-widget-container\">\n\t\t\t\t\t<div class=\"elementor-shortcode\">\n<div class=\"wpcf7 no-js\" id=\"wpcf7-f8174-o1\" lang=\"fr-FR\" dir=\"ltr\" data-wpcf7-id=\"8174\">\n<div class=\"screen-reader-response\"><p role=\"status\" aria-live=\"polite\" aria-atomic=\"true\"><\/p> <ul><\/ul><\/div>\n<form action=\"\/wp-json\/wp\/v2\/pages\/186\" method=\"post\" class=\"wpcf7-form init\" aria-label=\"Formulaire de contact\" novalidate=\"novalidate\" data-status=\"init\" data-trp-original-action=\"\/en\/wp-json\/wp\/v2\/pages\/186#wpcf7-f8174-o1\">\n<div style=\"display: none;\">\n<input type=\"hidden\" name=\"_wpcf7\" value=\"8174\" \/>\n<input type=\"hidden\" name=\"_wpcf7_version\" value=\"6.0.1\" \/>\n<input type=\"hidden\" name=\"_wpcf7_locale\" value=\"fr_FR\" \/>\n<input type=\"hidden\" name=\"_wpcf7_unit_tag\" value=\"wpcf7-f8174-o1\" \/>\n<input type=\"hidden\" name=\"_wpcf7_container_post\" value=\"0\" \/>\n<input type=\"hidden\" name=\"_wpcf7_posted_data_hash\" value=\"\" \/>\n<input type=\"hidden\" name=\"_wpcf7_recaptcha_response\" value=\"\" \/>\n<\/div>\n<div class=\"les-infos\">\n\t<p><span class=\"wpcf7-form-control-wrap\" data-name=\"names\"><input size=\"40\" maxlength=\"400\" class=\"wpcf7-form-control wpcf7-text wpcf7-validates-as-required\" aria-required=\"true\" aria-invalid=\"false\" placeholder=\"First name and last name\" value=\"\" type=\"text\" name=\"names\" \/><\/span><br \/>\n<span class=\"wpcf7-form-control-wrap\" data-name=\"mail\"><input size=\"40\" maxlength=\"400\" class=\"wpcf7-form-control wpcf7-email wpcf7-validates-as-required wpcf7-text wpcf7-validates-as-email\" aria-required=\"true\" aria-invalid=\"false\" placeholder=\"Email address\" value=\"\" type=\"email\" name=\"mail\" \/><\/span>\n\t<\/p>\n<\/div>\n<p><span class=\"wpcf7-form-control-wrap\" data-name=\"message\"><textarea cols=\"40\" rows=\"10\" maxlength=\"2000\" class=\"wpcf7-form-control wpcf7-textarea wpcf7-validates-as-required\" aria-required=\"true\" aria-invalid=\"false\" placeholder=\"Message :\" name=\"message\"><\/textarea><\/span><br \/>\n<span class=\"wpcf7-form-control-wrap\" data-name=\"checkbox\"><span class=\"wpcf7-form-control wpcf7-checkbox\"><span class=\"wpcf7-list-item first last\"><input type=\"checkbox\" name=\"checkbox[]\" value=\"J\u2019accepte que mes donn\u00e9es personnelles soient trait\u00e9es par CABEX\/GLOBAL AUDIT (uniquement aux fins de traitement de ma requ\u00eate.)\" \/><span class=\"wpcf7-list-item-label\">I agree with my personal data being used by CABEX\/ GLOBAL AUDIT S\u00e9n\u00e9gal (for the sole purpose of processing my request.)<\/span><\/span><\/span><\/span><br \/>\n<input class=\"wpcf7-form-control wpcf7-submit has-spinner\" type=\"submit\" value=\"Send message\" \/>\n<\/p><div class=\"wpcf7-response-output\" aria-hidden=\"true\"><\/div>\n<input type=\"hidden\" name=\"trp-form-language\" value=\"en\"\/><\/form>\n<\/div>\n<\/div>\n\t\t\t\t<\/div>\n\t\t\t\t<\/div>\n\t\t\t\t<\/div>\n\t\t\t\t<\/div>\n\t\t\t\t\t<\/div>\n\t\t\t\t<\/div>\n\t\t<div class=\"elementor-element elementor-element-c79fd2d e-con-full e-flex e-con e-parent\" data-id=\"c79fd2d\" data-element_type=\"container\">\n\t\t<div class=\"elementor-element elementor-element-634e7c7 e-con-full e-flex e-con e-child\" data-id=\"634e7c7\" data-element_type=\"container\">\n\t\t\t\t<div class=\"elementor-element elementor-element-b8947c3 elementor-widget elementor-widget-google_maps\" data-id=\"b8947c3\" data-element_type=\"widget\" data-widget_type=\"google_maps.default\">\n\t\t\t\t<div class=\"elementor-widget-container\">\n\t\t\t<style>\/*! elementor - v3.22.0 - 26-06-2024 *\/\n.elementor-widget-google_maps .elementor-widget-container{overflow:hidden}.elementor-widget-google_maps .elementor-custom-embed{line-height:0}.elementor-widget-google_maps iframe{height:300px}<\/style>\t\t<div class=\"elementor-custom-embed\">\n\t\t\t<iframe loading=\"lazy\"\n\t\t\t\t\tsrc=\"https:\/\/maps.google.com\/maps?q=14.6612167%2C-17.4380684&#038;t=m&#038;z=15&#038;output=embed&#038;iwloc=near\"\n\t\t\t\t\ttitle=\"14.6612167,-17.4380684\"\n\t\t\t\t\taria-label=\"14.6612167,-17.4380684\"\n\t\t\t><\/iframe>\n\t\t<\/div>\n\t\t\t\t<\/div>\n\t\t\t\t<\/div>\n\t\t\t\t<\/div>\n\t\t\t\t<\/div>\n\t\t<div class=\"elementor-element elementor-element-bc474d1 e-flex e-con-boxed e-con e-parent\" data-id=\"bc474d1\" data-element_type=\"container\">\n\t\t\t\t\t<div class=\"e-con-inner\">\n\t\t<div class=\"elementor-element elementor-element-b64f3a2 e-con-full e-flex e-con e-child\" data-id=\"b64f3a2\" data-element_type=\"container\">\n\t\t<div class=\"elementor-element elementor-element-ce679ca e-con-full e-flex e-con e-child\" data-id=\"ce679ca\" data-element_type=\"container\" data-settings=\"{&quot;background_background&quot;:&quot;classic&quot;}\">\n\t\t\t\t<div class=\"elementor-element elementor-element-ae75f9e elementor-widget elementor-widget-text-editor\" data-id=\"ae75f9e\" data-element_type=\"widget\" data-widget_type=\"text-editor.default\">\n\t\t\t\t<div class=\"elementor-widget-container\">\n\t\t\t<style>\/*! elementor - v3.22.0 - 26-06-2024 *\/\n.elementor-widget-text-editor.elementor-drop-cap-view-stacked .elementor-drop-cap{background-color:#69727d;color:#fff}.elementor-widget-text-editor.elementor-drop-cap-view-framed .elementor-drop-cap{color:#69727d;border:3px solid;background-color:transparent}.elementor-widget-text-editor:not(.elementor-drop-cap-view-default) .elementor-drop-cap{margin-top:8px}.elementor-widget-text-editor:not(.elementor-drop-cap-view-default) .elementor-drop-cap-letter{width:1em;height:1em}.elementor-widget-text-editor .elementor-drop-cap{float:left;text-align:center;line-height:1;font-size:50px}.elementor-widget-text-editor .elementor-drop-cap-letter{display:inline-block}<\/style>\t\t\t\t<p>Address<\/p>\t\t\t\t\t\t<\/div>\n\t\t\t\t<\/div>\n\t\t\t\t<div class=\"elementor-element elementor-element-e48add1 elementor-widget elementor-widget-text-editor\" data-id=\"e48add1\" data-element_type=\"widget\" data-widget_type=\"text-editor.default\">\n\t\t\t\t<div class=\"elementor-widget-container\">\n\t\t\t\t\t\t\t<p>9, rue Jean Mermoz, \u2028Immeuble Jean Mermoz, 3\u00e8me et 5\u00e8me \u00e9tages.<\/p>\t\t\t\t\t\t<\/div>\n\t\t\t\t<\/div>\n\t\t\t\t<div class=\"elementor-element elementor-element-c2b9bd3 elementor-widget elementor-widget-text-editor\" data-id=\"c2b9bd3\" data-element_type=\"widget\" data-widget_type=\"text-editor.default\">\n\t\t\t\t<div class=\"elementor-widget-container\">\n\t\t\t\t\t\t\t<p>B.P. 11.321 CD Dakar (S\u00e9n\u00e9gal)<\/p>\t\t\t\t\t\t<\/div>\n\t\t\t\t<\/div>\n\t\t\t\t<\/div>\n\t\t<div class=\"elementor-element elementor-element-aae5209 e-con-full e-flex e-con e-child\" data-id=\"aae5209\" data-element_type=\"container\">\n\t\t\t\t<div class=\"elementor-element elementor-element-82cb6dc elementor-widget elementor-widget-text-editor\" data-id=\"82cb6dc\" data-element_type=\"widget\" data-widget_type=\"text-editor.default\">\n\t\t\t\t<div class=\"elementor-widget-container\">\n\t\t\t\t\t\t\t<p>Phone<\/p>\t\t\t\t\t\t<\/div>\n\t\t\t\t<\/div>\n\t\t\t\t<div class=\"elementor-element elementor-element-98dd856 elementor-widget elementor-widget-text-editor\" data-id=\"98dd856\" data-element_type=\"widget\" data-widget_type=\"text-editor.default\">\n\t\t\t\t<div class=\"elementor-widget-container\">\n\t\t\t\t\t\t\t<a style=\"color: #6A0F3C;\"  href=\"tel: 221338893939\">(+221) 33 889 39 39<\/a>\t\t\t\t\t\t<\/div>\n\t\t\t\t<\/div>\n\t\t\t\t<\/div>\n\t\t<div class=\"elementor-element elementor-element-86f2306 e-con-full e-flex e-con e-child\" data-id=\"86f2306\" data-element_type=\"container\">\n\t\t\t\t<div class=\"elementor-element elementor-element-3e2d608 elementor-widget elementor-widget-text-editor\" data-id=\"3e2d608\" data-element_type=\"widget\" data-widget_type=\"text-editor.default\">\n\t\t\t\t<div class=\"elementor-widget-container\">\n\t\t\t\t\t\t\t<p>Electronic mail<\/p>\t\t\t\t\t\t<\/div>\n\t\t\t\t<\/div>\n\t\t\t\t<div class=\"elementor-element elementor-element-3f920f0 elementor-widget elementor-widget-text-editor\" data-id=\"3f920f0\" data-element_type=\"widget\" data-widget_type=\"text-editor.default\">\n\t\t\t\t<div class=\"elementor-widget-container\">\n\t\t\t\t\t\t\t<span style=\"text-decoration: underline; color: #6A0F3C;\"><a style=\"color: #6A0F3C;\" \"href=\"mailto:cabex@cabex.sn\">cabex@cabex.sn<\/a><\/span>\t\t\t\t\t\t<\/div>\n\t\t\t\t<\/div>\n\t\t\t\t<\/div>\n\t\t\t\t<\/div>\n\t\t\t\t\t<\/div>\n\t\t\t\t<\/div>\n\t\t<div class=\"elementor-element elementor-element-52c68c09 e-flex e-con-boxed e-con e-parent\" data-id=\"52c68c09\" data-element_type=\"container\" data-settings=\"{&quot;background_background&quot;:&quot;classic&quot;}\">\n\t\t\t\t\t<div class=\"e-con-inner\">\n\t\t<div class=\"elementor-element elementor-element-4bdccae4 e-flex e-con-boxed e-con e-child\" data-id=\"4bdccae4\" data-element_type=\"container\" data-settings=\"{&quot;background_background&quot;:&quot;classic&quot;}\">\n\t\t\t\t\t<div class=\"e-con-inner\">\n\t\t\t\t<div class=\"elementor-element elementor-element-3afa2b3a kng-heading-layout-1 elementor-widget elementor-widget-kng_heading\" data-id=\"3afa2b3a\" data-element_type=\"widget\" data-widget_type=\"kng_heading.default\">\n\t\t\t\t<div class=\"elementor-widget-container\">\n\t\t\t<div class=\"kng-heading-wrap text-center\">\n        <h2 class=\"item-title\">\n        <span>CAREERS<\/span>    <\/h2>\n    <\/div>\n\n\t\t<\/div>\n\t\t\t\t<\/div>\n\t\t<div class=\"elementor-element elementor-element-68d3221f e-flex e-con-boxed e-con e-child\" data-id=\"68d3221f\" data-element_type=\"container\" data-settings=\"{&quot;background_background&quot;:&quot;classic&quot;}\">\n\t\t\t\t\t<div class=\"e-con-inner\">\n\t\t<div class=\"elementor-element elementor-element-1c1057b2 e-con-full e-flex e-con e-child\" data-id=\"1c1057b2\" data-element_type=\"container\" data-settings=\"{&quot;background_background&quot;:&quot;classic&quot;}\">\n\t\t\t\t<div class=\"elementor-element elementor-element-7a58f0e4 elementor-widget elementor-widget-heading\" data-id=\"7a58f0e4\" data-element_type=\"widget\" data-widget_type=\"heading.default\">\n\t\t\t\t<div class=\"elementor-widget-container\">\n\t\t\t<h4 class=\"elementor-heading-title elementor-size-default\">Become Cabexien !<\/h4>\t\t<\/div>\n\t\t\t\t<\/div>\n\t\t\t\t<div class=\"elementor-element elementor-element-a4b9a7 elementor-widget-widescreen__width-initial elementor-widget elementor-widget-text-editor\" data-id=\"a4b9a7\" data-element_type=\"widget\" data-widget_type=\"text-editor.default\">\n\t\t\t\t<div class=\"elementor-widget-container\">\n\t\t\t\t\t\t\t<p>An exciting professional and human adventure awaits you!<\/p>\t\t\t\t\t\t<\/div>\n\t\t\t\t<\/div>\n\t\t\t\t<div class=\"elementor-element elementor-element-147f34f0 elementor-widget elementor-widget-kng_button\" data-id=\"147f34f0\" data-element_type=\"widget\" data-widget_type=\"kng_button.default\">\n\t\t\t\t<div class=\"elementor-widget-container\">\n\t\t\t        <div class=\"kng-btn-wraps  text-\" data-url=\"&quot;#&quot;\" data-settings=\"\">\r\n                    <a href=\"\/en\/carrieres\/\" class=\"btn btn-custom bg-white bg-hover-second text-primary text-hover-white\" data-url=\"#\">\r\n                <span class=\"kng-btn-content kng-btn-content-\">\r\n                                            <span class=\"kng-btn-icon kng-align-icon-right  rtl-flip\">\r\n                            <i aria-hidden=\"true\" class=\"kngi kngi-arrow-right-solid\"><\/i>                        <\/span>\r\n                                        <span class=\"kng-btn-text\">READ MORE<\/span>\r\n                                    <\/span>\r\n            <\/a>\r\n                <\/div>\r\n        \t\t<\/div>\n\t\t\t\t<\/div>\n\t\t\t\t<\/div>\n\t\t\t\t<div class=\"elementor-element elementor-element-2b7dc17 elementor-widget elementor-widget-image\" data-id=\"2b7dc17\" data-element_type=\"widget\" data-widget_type=\"image.default\">\n\t\t\t\t<div class=\"elementor-widget-container\">\n\t\t\t\t\t\t\t\t\t\t\t\t\t<img fetchpriority=\"high\" decoding=\"async\" width=\"577\" height=\"700\" src=\"https:\/\/cabex.sn\/wp-content\/uploads\/2024\/04\/Group-71.png\" class=\"attachment-large size-large wp-image-7703\" alt=\"\" srcset=\"https:\/\/cabex.sn\/wp-content\/uploads\/2024\/04\/Group-71.png 577w, https:\/\/cabex.sn\/wp-content\/uploads\/2024\/04\/Group-71-10x12.png 10w\" sizes=\"(max-width: 577px) 100vw, 577px\" \/>\t\t\t\t\t\t\t\t\t\t\t\t\t<\/div>\n\t\t\t\t<\/div>\n\t\t\t\t\t<\/div>\n\t\t\t\t<\/div>\n\t\t\t\t\t<\/div>\n\t\t\t\t<\/div>\n\t\t\t\t\t<\/div>\n\t\t\t\t<\/div>\n\t\t\t\t<\/div>","protected":false},"excerpt":{"rendered":"<p>+221 33 889 39 39 Une expertise transversale, la cl\u00e9 de votre satisfaction. Adresse 9, rue Jean Mermoz, \u2028Immeuble Jean Mermoz, 3\u00e8me et 5\u00e8me \u00e9tages. Dakar, S\u00e9n\u00e9gal BP 11.321 Dakar CD. T\u00e9l\u00e9phone (+221) 33 889 39 39 Courriel<\/p>","protected":false},"author":1,"featured_media":0,"parent":0,"menu_order":0,"comment_status":"closed","ping_status":"closed","template":"","meta":{"inline_featured_image":false,"footnotes":""},"class_list":["post-186","page","type-page","status-publish","hentry","kng-no-post-thumbnail"],"yoast_head":"<!-- This site is optimized with the Yoast SEO plugin v24.0 - https:\/\/yoast.com\/wordpress\/plugins\/seo\/ -->\n<title>Contact - Cabex et Global Audit<\/title>\n<meta name=\"robots\" content=\"index, follow, max-snippet:-1, max-image-preview:large, max-video-preview:-1\" \/>\n<link rel=\"canonical\" href=\"https:\/\/cabex.sn\/en\/contact\/\" \/>\n<meta property=\"og:locale\" content=\"en_GB\" \/>\n<meta property=\"og:type\" content=\"article\" \/>\n<meta property=\"og:title\" content=\"Contact - Cabex et Global Audit\" \/>\n<meta property=\"og:description\" content=\"+221 33 889 39 39 Une expertise transversale, la cl\u00e9 de votre satisfaction. Adresse 9, rue Jean Mermoz, \u2028Immeuble Jean Mermoz, 3\u00e8me et 5\u00e8me \u00e9tages. Dakar, S\u00e9n\u00e9gal BP 11.321 Dakar CD. T\u00e9l\u00e9phone (+221) 33 889 39 39 Courriel\" \/>\n<meta property=\"og:url\" content=\"https:\/\/cabex.sn\/en\/contact\/\" \/>\n<meta property=\"og:site_name\" content=\"Cabex et Global Audit\" \/>\n<meta property=\"article:publisher\" content=\"https:\/\/web.facebook.com\/profile.php?id=100063578712091\" \/>\n<meta property=\"article:modified_time\" content=\"2024-10-10T19:28:49+00:00\" \/>\n<meta property=\"og:image\" content=\"https:\/\/site.cabex-server.com\/wp-content\/uploads\/elementor\/thumbs\/Contactez-nous-qvd8k0jf0zr21bg95yl4x59woddcnimrap0wvygikg.png\" \/>\n<meta name=\"twitter:card\" content=\"summary_large_image\" \/>\n<meta name=\"twitter:label1\" content=\"Estimated reading time\" \/>\n\t<meta name=\"twitter:data1\" content=\"1 minute\" \/>\n<script type=\"application\/ld+json\" class=\"yoast-schema-graph\">{\"@context\":\"https:\/\/schema.org\",\"@graph\":[{\"@type\":\"WebPage\",\"@id\":\"https:\/\/cabex.sn\/contact\/\",\"url\":\"https:\/\/cabex.sn\/contact\/\",\"name\":\"Contact - Cabex et Global Audit\",\"isPartOf\":{\"@id\":\"https:\/\/cabex.sn\/#website\"},\"primaryImageOfPage\":{\"@id\":\"https:\/\/cabex.sn\/contact\/#primaryimage\"},\"image\":{\"@id\":\"https:\/\/cabex.sn\/contact\/#primaryimage\"},\"thumbnailUrl\":\"https:\/\/site.cabex-server.com\/wp-content\/uploads\/elementor\/thumbs\/Contactez-nous-qvd8k0jf0zr21bg95yl4x59woddcnimrap0wvygikg.png\",\"datePublished\":\"2021-10-08T07:38:26+00:00\",\"dateModified\":\"2024-10-10T19:28:49+00:00\",\"breadcrumb\":{\"@id\":\"https:\/\/cabex.sn\/contact\/#breadcrumb\"},\"inLanguage\":\"en-GB\",\"potentialAction\":[{\"@type\":\"ReadAction\",\"target\":[\"https:\/\/cabex.sn\/contact\/\"]}]},{\"@type\":\"ImageObject\",\"inLanguage\":\"en-GB\",\"@id\":\"https:\/\/cabex.sn\/contact\/#primaryimage\",\"url\":\"https:\/\/site.cabex-server.com\/wp-content\/uploads\/elementor\/thumbs\/Contactez-nous-qvd8k0jf0zr21bg95yl4x59woddcnimrap0wvygikg.png\",\"contentUrl\":\"https:\/\/site.cabex-server.com\/wp-content\/uploads\/elementor\/thumbs\/Contactez-nous-qvd8k0jf0zr21bg95yl4x59woddcnimrap0wvygikg.png\"},{\"@type\":\"BreadcrumbList\",\"@id\":\"https:\/\/cabex.sn\/contact\/#breadcrumb\",\"itemListElement\":[{\"@type\":\"ListItem\",\"position\":1,\"name\":\"Home\",\"item\":\"https:\/\/cabex.sn\/\"},{\"@type\":\"ListItem\",\"position\":2,\"name\":\"Contact\"}]},{\"@type\":\"WebSite\",\"@id\":\"https:\/\/cabex.sn\/#website\",\"url\":\"https:\/\/cabex.sn\/\",\"name\":\"Cabex et Global Audit\",\"description\":\"\",\"publisher\":{\"@id\":\"https:\/\/cabex.sn\/#organization\"},\"potentialAction\":[{\"@type\":\"SearchAction\",\"target\":{\"@type\":\"EntryPoint\",\"urlTemplate\":\"https:\/\/cabex.sn\/?s={search_term_string}\"},\"query-input\":{\"@type\":\"PropertyValueSpecification\",\"valueRequired\":true,\"valueName\":\"search_term_string\"}}],\"inLanguage\":\"en-GB\"},{\"@type\":\"Organization\",\"@id\":\"https:\/\/cabex.sn\/#organization\",\"name\":\"Cabex et Global Audit\",\"url\":\"https:\/\/cabex.sn\/\",\"logo\":{\"@type\":\"ImageObject\",\"inLanguage\":\"en-GB\",\"@id\":\"https:\/\/cabex.sn\/#\/schema\/logo\/image\/\",\"url\":\"https:\/\/cabex.sn\/wp-content\/uploads\/2021\/11\/logo-2.png\",\"contentUrl\":\"https:\/\/cabex.sn\/wp-content\/uploads\/2021\/11\/logo-2.png\",\"width\":210,\"height\":69,\"caption\":\"Cabex et Global Audit\"},\"image\":{\"@id\":\"https:\/\/cabex.sn\/#\/schema\/logo\/image\/\"},\"sameAs\":[\"https:\/\/web.facebook.com\/profile.php?id=100063578712091\",\"https:\/\/www.linkedin.com\/company\/cabex-senegal\/\"]}]}<\/script>\n<!-- \/ Yoast SEO plugin. -->","yoast_head_json":{"title":"Contact - Cabex et Global Audit","robots":{"index":"index","follow":"follow","max-snippet":"max-snippet:-1","max-image-preview":"max-image-preview:large","max-video-preview":"max-video-preview:-1"},"canonical":"https:\/\/cabex.sn\/en\/contact\/","og_locale":"en_GB","og_type":"article","og_title":"Contact - Cabex et Global Audit","og_description":"+221 33 889 39 39 Une expertise transversale, la cl\u00e9 de votre satisfaction. Adresse 9, rue Jean Mermoz, \u2028Immeuble Jean Mermoz, 3\u00e8me et 5\u00e8me \u00e9tages. Dakar, S\u00e9n\u00e9gal BP 11.321 Dakar CD. T\u00e9l\u00e9phone (+221) 33 889 39 39 Courriel","og_url":"https:\/\/cabex.sn\/en\/contact\/","og_site_name":"Cabex et Global Audit","article_publisher":"https:\/\/web.facebook.com\/profile.php?id=100063578712091","article_modified_time":"2024-10-10T19:28:49+00:00","og_image":[{"url":"https:\/\/site.cabex-server.com\/wp-content\/uploads\/elementor\/thumbs\/Contactez-nous-qvd8k0jf0zr21bg95yl4x59woddcnimrap0wvygikg.png","type":"","width":"","height":""}],"twitter_card":"summary_large_image","twitter_misc":{"Estimated reading time":"1 minute"},"schema":{"@context":"https:\/\/schema.org","@graph":[{"@type":"WebPage","@id":"https:\/\/cabex.sn\/contact\/","url":"https:\/\/cabex.sn\/contact\/","name":"Contact - Cabex et Global Audit","isPartOf":{"@id":"https:\/\/cabex.sn\/#website"},"primaryImageOfPage":{"@id":"https:\/\/cabex.sn\/contact\/#primaryimage"},"image":{"@id":"https:\/\/cabex.sn\/contact\/#primaryimage"},"thumbnailUrl":"https:\/\/site.cabex-server.com\/wp-content\/uploads\/elementor\/thumbs\/Contactez-nous-qvd8k0jf0zr21bg95yl4x59woddcnimrap0wvygikg.png","datePublished":"2021-10-08T07:38:26+00:00","dateModified":"2024-10-10T19:28:49+00:00","breadcrumb":{"@id":"https:\/\/cabex.sn\/contact\/#breadcrumb"},"inLanguage":"en-GB","potentialAction":[{"@type":"ReadAction","target":["https:\/\/cabex.sn\/contact\/"]}]},{"@type":"ImageObject","inLanguage":"en-GB","@id":"https:\/\/cabex.sn\/contact\/#primaryimage","url":"https:\/\/site.cabex-server.com\/wp-content\/uploads\/elementor\/thumbs\/Contactez-nous-qvd8k0jf0zr21bg95yl4x59woddcnimrap0wvygikg.png","contentUrl":"https:\/\/site.cabex-server.com\/wp-content\/uploads\/elementor\/thumbs\/Contactez-nous-qvd8k0jf0zr21bg95yl4x59woddcnimrap0wvygikg.png"},{"@type":"BreadcrumbList","@id":"https:\/\/cabex.sn\/contact\/#breadcrumb","itemListElement":[{"@type":"ListItem","position":1,"name":"Home","item":"https:\/\/cabex.sn\/"},{"@type":"ListItem","position":2,"name":"Contact"}]},{"@type":"WebSite","@id":"https:\/\/cabex.sn\/#website","url":"https:\/\/cabex.sn\/","name":"Cabex et Global Audit","description":"","publisher":{"@id":"https:\/\/cabex.sn\/#organization"},"potentialAction":[{"@type":"SearchAction","target":{"@type":"EntryPoint","urlTemplate":"https:\/\/cabex.sn\/?s={search_term_string}"},"query-input":{"@type":"PropertyValueSpecification","valueRequired":true,"valueName":"search_term_string"}}],"inLanguage":"en-GB"},{"@type":"Organization","@id":"https:\/\/cabex.sn\/#organization","name":"Cabex et Global Audit","url":"https:\/\/cabex.sn\/","logo":{"@type":"ImageObject","inLanguage":"en-GB","@id":"https:\/\/cabex.sn\/#\/schema\/logo\/image\/","url":"https:\/\/cabex.sn\/wp-content\/uploads\/2021\/11\/logo-2.png","contentUrl":"https:\/\/cabex.sn\/wp-content\/uploads\/2021\/11\/logo-2.png","width":210,"height":69,"caption":"Cabex et Global Audit"},"image":{"@id":"https:\/\/cabex.sn\/#\/schema\/logo\/image\/"},"sameAs":["https:\/\/web.facebook.com\/profile.php?id=100063578712091","https:\/\/www.linkedin.com\/company\/cabex-senegal\/"]}]}},"_links":{"self":[{"href":"https:\/\/cabex.sn\/en\/wp-json\/wp\/v2\/pages\/186","targetHints":{"allow":["GET"]}}],"collection":[{"href":"https:\/\/cabex.sn\/en\/wp-json\/wp\/v2\/pages"}],"about":[{"href":"https:\/\/cabex.sn\/en\/wp-json\/wp\/v2\/types\/page"}],"author":[{"embeddable":true,"href":"https:\/\/cabex.sn\/en\/wp-json\/wp\/v2\/users\/1"}],"replies":[{"embeddable":true,"href":"https:\/\/cabex.sn\/en\/wp-json\/wp\/v2\/comments?post=186"}],"version-history":[{"count":25,"href":"https:\/\/cabex.sn\/en\/wp-json\/wp\/v2\/pages\/186\/revisions"}],"predecessor-version":[{"id":8919,"href":"https:\/\/cabex.sn\/en\/wp-json\/wp\/v2\/pages\/186\/revisions\/8919"}],"wp:attachment":[{"href":"https:\/\/cabex.sn\/en\/wp-json\/wp\/v2\/media?parent=186"}],"curies":[{"name":"wp","href":"https:\/\/api.w.org\/{rel}","templated":true}]}}